{"id":239,"date":"2017-10-19T15:30:39","date_gmt":"2017-10-19T19:30:39","guid":{"rendered":"http:\/\/medicaldesign.ca\/?post_type=product&#038;p=239"},"modified":"2021-05-02T10:19:44","modified_gmt":"2021-05-02T14:19:44","slug":"serie-proxima","status":"publish","type":"product","link":"https:\/\/medicaldesign.ca\/fr\/produits\/solutions-plafonnieres\/serie-proxima\/","title":{"rendered":"Unit\u00e9s de distribution plafonni\u00e8res\u2028"},"content":{"rendered":"<p>Enti\u00e8rement personnalisable, la s\u00e9rie Proxima a sp\u00e9cialement \u00e9t\u00e9 con\u00e7ue pour les salles les unit\u00e9s de soins intensifs et le d\u00e9partement des urgences. Versatile et facile d\u2019acc\u00e8s, cet unit\u00e9 optimise l\u2019organisation et simplifie le flux de travail.<\/p>\n","protected":false},"excerpt":{"rendered":"Unit\u00e9s de distribution S\u00e9rie Proxima","protected":false},"featured_media":2040,"template":"","meta":{"_acf_changed":false,"inline_featured_image":false},"product_brand":[],"product_cat":[28],"product_tag":[147,145,156,157,146],"class_list":{"0":"post-239","1":"product","2":"type-product","3":"status-publish","4":"has-post-thumbnail","6":"product_cat-solutions-plafonnieres","7":"product_tag-emergency-units-fr","8":"product_tag-intensive-care-fr","9":"product_tag-laboratories-fr","10":"product_tag-operating-rooms-fr","11":"product_tag-traumatology-fr","13":"first","14":"instock","15":"shipping-taxable","16":"product-type-simple"},"acf":[],"yoast_head":"<!-- This site is optimized with the Yoast SEO plugin v24.7 - https:\/\/yoast.com\/wordpress\/plugins\/seo\/ -->\n<title>Unit\u00e9s de distribution plafonni\u00e8res\u2028 - Medical Design - Healthcare Technology<\/title>\n<meta name=\"robots\" content=\"index, follow, max-snippet:-1, max-image-preview:large, max-video-preview:-1\" \/>\n<link rel=\"canonical\" href=\"https:\/\/medicaldesign.ca\/fr\/produits\/solutions-plafonnieres\/serie-proxima\/\" \/>\n<meta property=\"og:locale\" content=\"fr_FR\" \/>\n<meta property=\"og:type\" content=\"article\" \/>\n<meta property=\"og:title\" content=\"Unit\u00e9s de distribution plafonni\u00e8res\u2028 - Medical Design - Healthcare Technology\" \/>\n<meta property=\"og:description\" content=\"Unit\u00e9s de distribution S\u00e9rie Proxima\" \/>\n<meta property=\"og:url\" content=\"https:\/\/medicaldesign.ca\/fr\/produits\/solutions-plafonnieres\/serie-proxima\/\" \/>\n<meta property=\"og:site_name\" content=\"Medical Design - Healthcare Technology\" \/>\n<meta property=\"article:modified_time\" content=\"2021-05-02T14:19:44+00:00\" \/>\n<meta property=\"og:image\" content=\"https:\/\/medicaldesign.ca\/wp-content\/uploads\/2017\/10\/proxima1-new.jpg\" \/>\n\t<meta property=\"og:image:width\" content=\"780\" \/>\n\t<meta property=\"og:image:height\" content=\"483\" \/>\n\t<meta property=\"og:image:type\" content=\"image\/jpeg\" \/>\n<meta name=\"twitter:card\" content=\"summary_large_image\" \/>\n<script type=\"application\/ld+json\" class=\"yoast-schema-graph\">{\"@context\":\"https:\/\/schema.org\",\"@graph\":[{\"@type\":\"WebPage\",\"@id\":\"https:\/\/medicaldesign.ca\/fr\/produits\/solutions-plafonnieres\/serie-proxima\/\",\"url\":\"https:\/\/medicaldesign.ca\/fr\/produits\/solutions-plafonnieres\/serie-proxima\/\",\"name\":\"Unit\u00e9s de distribution plafonni\u00e8res\\u2028 - Medical Design - Healthcare Technology\",\"isPartOf\":{\"@id\":\"https:\/\/medicaldesign.ca\/fr\/#website\"},\"primaryImageOfPage\":{\"@id\":\"https:\/\/medicaldesign.ca\/fr\/produits\/solutions-plafonnieres\/serie-proxima\/#primaryimage\"},\"image\":{\"@id\":\"https:\/\/medicaldesign.ca\/fr\/produits\/solutions-plafonnieres\/serie-proxima\/#primaryimage\"},\"thumbnailUrl\":\"https:\/\/medicaldesign.ca\/wp-content\/uploads\/2017\/10\/proxima1-new.jpg\",\"datePublished\":\"2017-10-19T19:30:39+00:00\",\"dateModified\":\"2021-05-02T14:19:44+00:00\",\"breadcrumb\":{\"@id\":\"https:\/\/medicaldesign.ca\/fr\/produits\/solutions-plafonnieres\/serie-proxima\/#breadcrumb\"},\"inLanguage\":\"fr-FR\",\"potentialAction\":[{\"@type\":\"ReadAction\",\"target\":[\"https:\/\/medicaldesign.ca\/fr\/produits\/solutions-plafonnieres\/serie-proxima\/\"]}]},{\"@type\":\"ImageObject\",\"inLanguage\":\"fr-FR\",\"@id\":\"https:\/\/medicaldesign.ca\/fr\/produits\/solutions-plafonnieres\/serie-proxima\/#primaryimage\",\"url\":\"https:\/\/medicaldesign.ca\/wp-content\/uploads\/2017\/10\/proxima1-new.jpg\",\"contentUrl\":\"https:\/\/medicaldesign.ca\/wp-content\/uploads\/2017\/10\/proxima1-new.jpg\",\"width\":\"780\",\"height\":\"483\"},{\"@type\":\"BreadcrumbList\",\"@id\":\"https:\/\/medicaldesign.ca\/fr\/produits\/solutions-plafonnieres\/serie-proxima\/#breadcrumb\",\"itemListElement\":[{\"@type\":\"ListItem\",\"position\":1,\"name\":\"Accueil\",\"item\":\"https:\/\/medicaldesign.ca\/fr\/\"},{\"@type\":\"ListItem\",\"position\":2,\"name\":\"Unit\u00e9s de distribution plafonni\u00e8res\\u2028\"}]},{\"@type\":\"WebSite\",\"@id\":\"https:\/\/medicaldesign.ca\/fr\/#website\",\"url\":\"https:\/\/medicaldesign.ca\/fr\/\",\"name\":\"Medical Design - Healthcare Technology\",\"description\":\"EEME Medical Design Inc - Medical Gas &amp; Equipments Manufacturer.\",\"potentialAction\":[{\"@type\":\"SearchAction\",\"target\":{\"@type\":\"EntryPoint\",\"urlTemplate\":\"https:\/\/medicaldesign.ca\/fr\/?s={search_term_string}\"},\"query-input\":{\"@type\":\"PropertyValueSpecification\",\"valueRequired\":true,\"valueName\":\"search_term_string\"}}],\"inLanguage\":\"fr-FR\"}]}<\/script>\n<!-- \/ Yoast SEO plugin. -->","yoast_head_json":{"title":"Unit\u00e9s de distribution plafonni\u00e8res\u2028 - Medical Design - Healthcare Technology","robots":{"index":"index","follow":"follow","max-snippet":"max-snippet:-1","max-image-preview":"max-image-preview:large","max-video-preview":"max-video-preview:-1"},"canonical":"https:\/\/medicaldesign.ca\/fr\/produits\/solutions-plafonnieres\/serie-proxima\/","og_locale":"fr_FR","og_type":"article","og_title":"Unit\u00e9s de distribution plafonni\u00e8res\u2028 - Medical Design - Healthcare Technology","og_description":"Unit\u00e9s de distribution S\u00e9rie Proxima","og_url":"https:\/\/medicaldesign.ca\/fr\/produits\/solutions-plafonnieres\/serie-proxima\/","og_site_name":"Medical Design - Healthcare Technology","article_modified_time":"2021-05-02T14:19:44+00:00","og_image":[{"width":780,"height":483,"url":"https:\/\/medicaldesign.ca\/wp-content\/uploads\/2017\/10\/proxima1-new.jpg","type":"image\/jpeg"}],"twitter_card":"summary_large_image","schema":{"@context":"https:\/\/schema.org","@graph":[{"@type":"WebPage","@id":"https:\/\/medicaldesign.ca\/fr\/produits\/solutions-plafonnieres\/serie-proxima\/","url":"https:\/\/medicaldesign.ca\/fr\/produits\/solutions-plafonnieres\/serie-proxima\/","name":"Unit\u00e9s de distribution plafonni\u00e8res\u2028 - Medical Design - Healthcare Technology","isPartOf":{"@id":"https:\/\/medicaldesign.ca\/fr\/#website"},"primaryImageOfPage":{"@id":"https:\/\/medicaldesign.ca\/fr\/produits\/solutions-plafonnieres\/serie-proxima\/#primaryimage"},"image":{"@id":"https:\/\/medicaldesign.ca\/fr\/produits\/solutions-plafonnieres\/serie-proxima\/#primaryimage"},"thumbnailUrl":"https:\/\/medicaldesign.ca\/wp-content\/uploads\/2017\/10\/proxima1-new.jpg","datePublished":"2017-10-19T19:30:39+00:00","dateModified":"2021-05-02T14:19:44+00:00","breadcrumb":{"@id":"https:\/\/medicaldesign.ca\/fr\/produits\/solutions-plafonnieres\/serie-proxima\/#breadcrumb"},"inLanguage":"fr-FR","potentialAction":[{"@type":"ReadAction","target":["https:\/\/medicaldesign.ca\/fr\/produits\/solutions-plafonnieres\/serie-proxima\/"]}]},{"@type":"ImageObject","inLanguage":"fr-FR","@id":"https:\/\/medicaldesign.ca\/fr\/produits\/solutions-plafonnieres\/serie-proxima\/#primaryimage","url":"https:\/\/medicaldesign.ca\/wp-content\/uploads\/2017\/10\/proxima1-new.jpg","contentUrl":"https:\/\/medicaldesign.ca\/wp-content\/uploads\/2017\/10\/proxima1-new.jpg","width":"780","height":"483"},{"@type":"BreadcrumbList","@id":"https:\/\/medicaldesign.ca\/fr\/produits\/solutions-plafonnieres\/serie-proxima\/#breadcrumb","itemListElement":[{"@type":"ListItem","position":1,"name":"Accueil","item":"https:\/\/medicaldesign.ca\/fr\/"},{"@type":"ListItem","position":2,"name":"Unit\u00e9s de distribution plafonni\u00e8res\u2028"}]},{"@type":"WebSite","@id":"https:\/\/medicaldesign.ca\/fr\/#website","url":"https:\/\/medicaldesign.ca\/fr\/","name":"Medical Design - Healthcare Technology","description":"EEME Medical Design Inc - Medical Gas &amp; Equipments Manufacturer.","potentialAction":[{"@type":"SearchAction","target":{"@type":"EntryPoint","urlTemplate":"https:\/\/medicaldesign.ca\/fr\/?s={search_term_string}"},"query-input":{"@type":"PropertyValueSpecification","valueRequired":true,"valueName":"search_term_string"}}],"inLanguage":"fr-FR"}]}},"_links":{"self":[{"href":"https:\/\/medicaldesign.ca\/fr\/wp-json\/wp\/v2\/product\/239","targetHints":{"allow":["GET"]}}],"collection":[{"href":"https:\/\/medicaldesign.ca\/fr\/wp-json\/wp\/v2\/product"}],"about":[{"href":"https:\/\/medicaldesign.ca\/fr\/wp-json\/wp\/v2\/types\/product"}],"wp:featuredmedia":[{"embeddable":true,"href":"https:\/\/medicaldesign.ca\/fr\/wp-json\/wp\/v2\/media\/2040"}],"wp:attachment":[{"href":"https:\/\/medicaldesign.ca\/fr\/wp-json\/wp\/v2\/media?parent=239"}],"wp:term":[{"taxonomy":"product_brand","embeddable":true,"href":"https:\/\/medicaldesign.ca\/fr\/wp-json\/wp\/v2\/product_brand?post=239"},{"taxonomy":"product_cat","embeddable":true,"href":"https:\/\/medicaldesign.ca\/fr\/wp-json\/wp\/v2\/product_cat?post=239"},{"taxonomy":"product_tag","embeddable":true,"href":"https:\/\/medicaldesign.ca\/fr\/wp-json\/wp\/v2\/product_tag?post=239"}],"curies":[{"name":"wp","href":"https:\/\/api.w.org\/{rel}","templated":true}]}}