{"id":233,"date":"2017-10-19T15:28:48","date_gmt":"2017-10-19T19:28:48","guid":{"rendered":"http:\/\/medicaldesign.ca\/?post_type=product&#038;p=233"},"modified":"2021-05-07T10:13:28","modified_gmt":"2021-05-07T14:13:28","slug":"serie-diamond","status":"publish","type":"product","link":"https:\/\/medicaldesign.ca\/fr\/produits\/solutions-plafonnieres\/serie-diamond\/","title":{"rendered":"Colonnes plafonni\u00e8res S\u00e9rie Diamond"},"content":{"rendered":"<p>La colonne plafonni\u00e8re de la s\u00e9rie <em>Diamond<\/em> peut \u00eatre fixe ou r\u00e9tractable et peut disposer jusqu\u2019\u00e0 28 sorties et prises en plus de canaux de distribution de gaz m\u00e9dicaux. Offerte en acier inoxydable ou en acier enduit d\u2019\u00e9poxy, notre colonne plafonni\u00e8re est id\u00e9ale pour les salles d\u2019op\u00e9rations n\u00e9cessitant le branchement d\u2019\u00e9quipement<\/p>\n","protected":false},"excerpt":{"rendered":"Colonnes plafonni\u00e8res S\u00e9rie Diamond","protected":false},"featured_media":2137,"template":"","meta":{"_acf_changed":false,"inline_featured_image":false},"product_brand":[],"product_cat":[28],"product_tag":[74,58,45],"class_list":{"0":"post-233","1":"product","2":"type-product","3":"status-publish","4":"has-post-thumbnail","6":"product_cat-solutions-plafonnieres","7":"product_tag-chirurgie","8":"product_tag-procedures-speciales","9":"product_tag-salles-d-operation","10":"pa_couleurs-disponibles-sur-demande","11":"pa_materiaux-disponibles-sur-demande","13":"first","14":"instock","15":"shipping-taxable","16":"product-type-simple"},"acf":[],"yoast_head":"<!-- This site is optimized with the Yoast SEO plugin v24.7 - https:\/\/yoast.com\/wordpress\/plugins\/seo\/ -->\n<title>Colonnes plafonni\u00e8res S\u00e9rie Diamond - Medical Design - Healthcare Technology<\/title>\n<meta name=\"robots\" content=\"index, follow, max-snippet:-1, max-image-preview:large, max-video-preview:-1\" \/>\n<link rel=\"canonical\" href=\"https:\/\/medicaldesign.ca\/fr\/produits\/solutions-plafonnieres\/serie-diamond\/\" \/>\n<meta property=\"og:locale\" content=\"fr_FR\" \/>\n<meta property=\"og:type\" content=\"article\" \/>\n<meta property=\"og:title\" content=\"Colonnes plafonni\u00e8res S\u00e9rie Diamond - Medical Design - Healthcare Technology\" \/>\n<meta property=\"og:description\" content=\"Colonnes plafonni\u00e8res S\u00e9rie Diamond\" \/>\n<meta property=\"og:url\" content=\"https:\/\/medicaldesign.ca\/fr\/produits\/solutions-plafonnieres\/serie-diamond\/\" \/>\n<meta property=\"og:site_name\" content=\"Medical Design - Healthcare Technology\" \/>\n<meta property=\"article:modified_time\" content=\"2021-05-07T14:13:28+00:00\" \/>\n<meta property=\"og:image\" content=\"https:\/\/medicaldesign.ca\/wp-content\/uploads\/2017\/10\/Diamond2.jpg\" \/>\n\t<meta property=\"og:image:width\" content=\"780\" \/>\n\t<meta property=\"og:image:height\" content=\"483\" \/>\n\t<meta property=\"og:image:type\" content=\"image\/jpeg\" \/>\n<meta name=\"twitter:card\" content=\"summary_large_image\" \/>\n<script type=\"application\/ld+json\" class=\"yoast-schema-graph\">{\"@context\":\"https:\/\/schema.org\",\"@graph\":[{\"@type\":\"WebPage\",\"@id\":\"https:\/\/medicaldesign.ca\/fr\/produits\/solutions-plafonnieres\/serie-diamond\/\",\"url\":\"https:\/\/medicaldesign.ca\/fr\/produits\/solutions-plafonnieres\/serie-diamond\/\",\"name\":\"Colonnes plafonni\u00e8res S\u00e9rie Diamond - Medical Design - Healthcare Technology\",\"isPartOf\":{\"@id\":\"https:\/\/medicaldesign.ca\/fr\/#website\"},\"primaryImageOfPage\":{\"@id\":\"https:\/\/medicaldesign.ca\/fr\/produits\/solutions-plafonnieres\/serie-diamond\/#primaryimage\"},\"image\":{\"@id\":\"https:\/\/medicaldesign.ca\/fr\/produits\/solutions-plafonnieres\/serie-diamond\/#primaryimage\"},\"thumbnailUrl\":\"https:\/\/medicaldesign.ca\/wp-content\/uploads\/2017\/10\/Diamond2.jpg\",\"datePublished\":\"2017-10-19T19:28:48+00:00\",\"dateModified\":\"2021-05-07T14:13:28+00:00\",\"breadcrumb\":{\"@id\":\"https:\/\/medicaldesign.ca\/fr\/produits\/solutions-plafonnieres\/serie-diamond\/#breadcrumb\"},\"inLanguage\":\"fr-FR\",\"potentialAction\":[{\"@type\":\"ReadAction\",\"target\":[\"https:\/\/medicaldesign.ca\/fr\/produits\/solutions-plafonnieres\/serie-diamond\/\"]}]},{\"@type\":\"ImageObject\",\"inLanguage\":\"fr-FR\",\"@id\":\"https:\/\/medicaldesign.ca\/fr\/produits\/solutions-plafonnieres\/serie-diamond\/#primaryimage\",\"url\":\"https:\/\/medicaldesign.ca\/wp-content\/uploads\/2017\/10\/Diamond2.jpg\",\"contentUrl\":\"https:\/\/medicaldesign.ca\/wp-content\/uploads\/2017\/10\/Diamond2.jpg\",\"width\":\"780\",\"height\":\"483\"},{\"@type\":\"BreadcrumbList\",\"@id\":\"https:\/\/medicaldesign.ca\/fr\/produits\/solutions-plafonnieres\/serie-diamond\/#breadcrumb\",\"itemListElement\":[{\"@type\":\"ListItem\",\"position\":1,\"name\":\"Accueil\",\"item\":\"https:\/\/medicaldesign.ca\/fr\/\"},{\"@type\":\"ListItem\",\"position\":2,\"name\":\"Colonnes plafonni\u00e8res S\u00e9rie Diamond\"}]},{\"@type\":\"WebSite\",\"@id\":\"https:\/\/medicaldesign.ca\/fr\/#website\",\"url\":\"https:\/\/medicaldesign.ca\/fr\/\",\"name\":\"Medical Design - Healthcare Technology\",\"description\":\"EEME Medical Design Inc - Medical Gas &amp; Equipments Manufacturer.\",\"potentialAction\":[{\"@type\":\"SearchAction\",\"target\":{\"@type\":\"EntryPoint\",\"urlTemplate\":\"https:\/\/medicaldesign.ca\/fr\/?s={search_term_string}\"},\"query-input\":{\"@type\":\"PropertyValueSpecification\",\"valueRequired\":true,\"valueName\":\"search_term_string\"}}],\"inLanguage\":\"fr-FR\"}]}<\/script>\n<!-- \/ Yoast SEO plugin. -->","yoast_head_json":{"title":"Colonnes plafonni\u00e8res S\u00e9rie Diamond - Medical Design - Healthcare Technology","robots":{"index":"index","follow":"follow","max-snippet":"max-snippet:-1","max-image-preview":"max-image-preview:large","max-video-preview":"max-video-preview:-1"},"canonical":"https:\/\/medicaldesign.ca\/fr\/produits\/solutions-plafonnieres\/serie-diamond\/","og_locale":"fr_FR","og_type":"article","og_title":"Colonnes plafonni\u00e8res S\u00e9rie Diamond - Medical Design - Healthcare Technology","og_description":"Colonnes plafonni\u00e8res S\u00e9rie Diamond","og_url":"https:\/\/medicaldesign.ca\/fr\/produits\/solutions-plafonnieres\/serie-diamond\/","og_site_name":"Medical Design - Healthcare Technology","article_modified_time":"2021-05-07T14:13:28+00:00","og_image":[{"width":780,"height":483,"url":"https:\/\/medicaldesign.ca\/wp-content\/uploads\/2017\/10\/Diamond2.jpg","type":"image\/jpeg"}],"twitter_card":"summary_large_image","schema":{"@context":"https:\/\/schema.org","@graph":[{"@type":"WebPage","@id":"https:\/\/medicaldesign.ca\/fr\/produits\/solutions-plafonnieres\/serie-diamond\/","url":"https:\/\/medicaldesign.ca\/fr\/produits\/solutions-plafonnieres\/serie-diamond\/","name":"Colonnes plafonni\u00e8res S\u00e9rie Diamond - Medical Design - Healthcare Technology","isPartOf":{"@id":"https:\/\/medicaldesign.ca\/fr\/#website"},"primaryImageOfPage":{"@id":"https:\/\/medicaldesign.ca\/fr\/produits\/solutions-plafonnieres\/serie-diamond\/#primaryimage"},"image":{"@id":"https:\/\/medicaldesign.ca\/fr\/produits\/solutions-plafonnieres\/serie-diamond\/#primaryimage"},"thumbnailUrl":"https:\/\/medicaldesign.ca\/wp-content\/uploads\/2017\/10\/Diamond2.jpg","datePublished":"2017-10-19T19:28:48+00:00","dateModified":"2021-05-07T14:13:28+00:00","breadcrumb":{"@id":"https:\/\/medicaldesign.ca\/fr\/produits\/solutions-plafonnieres\/serie-diamond\/#breadcrumb"},"inLanguage":"fr-FR","potentialAction":[{"@type":"ReadAction","target":["https:\/\/medicaldesign.ca\/fr\/produits\/solutions-plafonnieres\/serie-diamond\/"]}]},{"@type":"ImageObject","inLanguage":"fr-FR","@id":"https:\/\/medicaldesign.ca\/fr\/produits\/solutions-plafonnieres\/serie-diamond\/#primaryimage","url":"https:\/\/medicaldesign.ca\/wp-content\/uploads\/2017\/10\/Diamond2.jpg","contentUrl":"https:\/\/medicaldesign.ca\/wp-content\/uploads\/2017\/10\/Diamond2.jpg","width":"780","height":"483"},{"@type":"BreadcrumbList","@id":"https:\/\/medicaldesign.ca\/fr\/produits\/solutions-plafonnieres\/serie-diamond\/#breadcrumb","itemListElement":[{"@type":"ListItem","position":1,"name":"Accueil","item":"https:\/\/medicaldesign.ca\/fr\/"},{"@type":"ListItem","position":2,"name":"Colonnes plafonni\u00e8res S\u00e9rie Diamond"}]},{"@type":"WebSite","@id":"https:\/\/medicaldesign.ca\/fr\/#website","url":"https:\/\/medicaldesign.ca\/fr\/","name":"Medical Design - Healthcare Technology","description":"EEME Medical Design Inc - Medical Gas &amp; Equipments Manufacturer.","potentialAction":[{"@type":"SearchAction","target":{"@type":"EntryPoint","urlTemplate":"https:\/\/medicaldesign.ca\/fr\/?s={search_term_string}"},"query-input":{"@type":"PropertyValueSpecification","valueRequired":true,"valueName":"search_term_string"}}],"inLanguage":"fr-FR"}]}},"_links":{"self":[{"href":"https:\/\/medicaldesign.ca\/fr\/wp-json\/wp\/v2\/product\/233","targetHints":{"allow":["GET"]}}],"collection":[{"href":"https:\/\/medicaldesign.ca\/fr\/wp-json\/wp\/v2\/product"}],"about":[{"href":"https:\/\/medicaldesign.ca\/fr\/wp-json\/wp\/v2\/types\/product"}],"wp:featuredmedia":[{"embeddable":true,"href":"https:\/\/medicaldesign.ca\/fr\/wp-json\/wp\/v2\/media\/2137"}],"wp:attachment":[{"href":"https:\/\/medicaldesign.ca\/fr\/wp-json\/wp\/v2\/media?parent=233"}],"wp:term":[{"taxonomy":"product_brand","embeddable":true,"href":"https:\/\/medicaldesign.ca\/fr\/wp-json\/wp\/v2\/product_brand?post=233"},{"taxonomy":"product_cat","embeddable":true,"href":"https:\/\/medicaldesign.ca\/fr\/wp-json\/wp\/v2\/product_cat?post=233"},{"taxonomy":"product_tag","embeddable":true,"href":"https:\/\/medicaldesign.ca\/fr\/wp-json\/wp\/v2\/product_tag?post=233"}],"curies":[{"name":"wp","href":"https:\/\/api.w.org\/{rel}","templated":true}]}}