{"id":230,"date":"2017-10-19T15:27:07","date_gmt":"2017-10-19T19:27:07","guid":{"rendered":"http:\/\/medicaldesign.ca\/?post_type=product&#038;p=230"},"modified":"2021-05-02T10:20:17","modified_gmt":"2021-05-02T14:20:17","slug":"serie-skyline","status":"publish","type":"product","link":"https:\/\/medicaldesign.ca\/fr\/produits\/solutions-plafonnieres\/serie-skyline\/","title":{"rendered":"Caniveaux de services plafonniers"},"content":{"rendered":"<p>Lib\u00e9rant de l\u2019espace au sol, la s\u00e9rie Skyline fix\u00e9e au plafond peut \u00eatre fabriqu\u00e9e en diff\u00e9rentes longueurs et \u00e0 la hauteur que vous d\u00e9sirez. Cet unit\u00e9 multifonctionnel peut \u00eatre munie d\u2019un syst\u00e8me de rail pour l\u2019ajout d\u2019\u00e9quipement et d\u2019accessoires compl\u00e9mentaires. Id\u00e9al pour les pouponni\u00e8res et les laboratoires.<\/p>\n","protected":false},"excerpt":{"rendered":"Caniveaux de services plafonniers S\u00e9rie Skyline\r\n","protected":false},"featured_media":2118,"template":"","meta":{"_acf_changed":false,"inline_featured_image":false},"product_brand":[],"product_cat":[28],"product_tag":[71,76,73],"class_list":{"0":"post-230","1":"product","2":"type-product","3":"status-publish","4":"has-post-thumbnail","6":"product_cat-solutions-plafonnieres","7":"product_tag-centre-de-formation","8":"product_tag-laboratoire","9":"product_tag-neonatalogie","11":"first","12":"instock","13":"shipping-taxable","14":"product-type-simple"},"acf":[],"yoast_head":"<!-- This site is optimized with the Yoast SEO plugin v24.7 - https:\/\/yoast.com\/wordpress\/plugins\/seo\/ -->\n<title>Caniveaux de services plafonniers - Medical Design - Healthcare Technology<\/title>\n<meta name=\"robots\" content=\"index, follow, max-snippet:-1, max-image-preview:large, max-video-preview:-1\" \/>\n<link rel=\"canonical\" href=\"https:\/\/medicaldesign.ca\/fr\/produits\/solutions-plafonnieres\/serie-skyline\/\" \/>\n<meta property=\"og:locale\" content=\"fr_FR\" \/>\n<meta property=\"og:type\" content=\"article\" \/>\n<meta property=\"og:title\" content=\"Caniveaux de services plafonniers - Medical Design - Healthcare Technology\" \/>\n<meta property=\"og:description\" content=\"Caniveaux de services plafonniers S\u00e9rie Skyline\" \/>\n<meta property=\"og:url\" content=\"https:\/\/medicaldesign.ca\/fr\/produits\/solutions-plafonnieres\/serie-skyline\/\" \/>\n<meta property=\"og:site_name\" content=\"Medical Design - Healthcare Technology\" \/>\n<meta property=\"article:modified_time\" content=\"2021-05-02T14:20:17+00:00\" \/>\n<meta property=\"og:image\" content=\"https:\/\/medicaldesign.ca\/wp-content\/uploads\/2017\/10\/architecturaux-skyline-2-1.jpg\" \/>\n\t<meta property=\"og:image:width\" content=\"780\" \/>\n\t<meta property=\"og:image:height\" content=\"483\" \/>\n\t<meta property=\"og:image:type\" content=\"image\/jpeg\" \/>\n<meta name=\"twitter:card\" content=\"summary_large_image\" \/>\n<script type=\"application\/ld+json\" class=\"yoast-schema-graph\">{\"@context\":\"https:\/\/schema.org\",\"@graph\":[{\"@type\":\"WebPage\",\"@id\":\"https:\/\/medicaldesign.ca\/fr\/produits\/solutions-plafonnieres\/serie-skyline\/\",\"url\":\"https:\/\/medicaldesign.ca\/fr\/produits\/solutions-plafonnieres\/serie-skyline\/\",\"name\":\"Caniveaux de services plafonniers - Medical Design - Healthcare Technology\",\"isPartOf\":{\"@id\":\"https:\/\/medicaldesign.ca\/fr\/#website\"},\"primaryImageOfPage\":{\"@id\":\"https:\/\/medicaldesign.ca\/fr\/produits\/solutions-plafonnieres\/serie-skyline\/#primaryimage\"},\"image\":{\"@id\":\"https:\/\/medicaldesign.ca\/fr\/produits\/solutions-plafonnieres\/serie-skyline\/#primaryimage\"},\"thumbnailUrl\":\"https:\/\/medicaldesign.ca\/wp-content\/uploads\/2017\/10\/architecturaux-skyline-2-1.jpg\",\"datePublished\":\"2017-10-19T19:27:07+00:00\",\"dateModified\":\"2021-05-02T14:20:17+00:00\",\"breadcrumb\":{\"@id\":\"https:\/\/medicaldesign.ca\/fr\/produits\/solutions-plafonnieres\/serie-skyline\/#breadcrumb\"},\"inLanguage\":\"fr-FR\",\"potentialAction\":[{\"@type\":\"ReadAction\",\"target\":[\"https:\/\/medicaldesign.ca\/fr\/produits\/solutions-plafonnieres\/serie-skyline\/\"]}]},{\"@type\":\"ImageObject\",\"inLanguage\":\"fr-FR\",\"@id\":\"https:\/\/medicaldesign.ca\/fr\/produits\/solutions-plafonnieres\/serie-skyline\/#primaryimage\",\"url\":\"https:\/\/medicaldesign.ca\/wp-content\/uploads\/2017\/10\/architecturaux-skyline-2-1.jpg\",\"contentUrl\":\"https:\/\/medicaldesign.ca\/wp-content\/uploads\/2017\/10\/architecturaux-skyline-2-1.jpg\",\"width\":\"780\",\"height\":\"483\"},{\"@type\":\"BreadcrumbList\",\"@id\":\"https:\/\/medicaldesign.ca\/fr\/produits\/solutions-plafonnieres\/serie-skyline\/#breadcrumb\",\"itemListElement\":[{\"@type\":\"ListItem\",\"position\":1,\"name\":\"Accueil\",\"item\":\"https:\/\/medicaldesign.ca\/fr\/\"},{\"@type\":\"ListItem\",\"position\":2,\"name\":\"Caniveaux de services plafonniers\"}]},{\"@type\":\"WebSite\",\"@id\":\"https:\/\/medicaldesign.ca\/fr\/#website\",\"url\":\"https:\/\/medicaldesign.ca\/fr\/\",\"name\":\"Medical Design - Healthcare Technology\",\"description\":\"EEME Medical Design Inc - Medical Gas &amp; Equipments Manufacturer.\",\"potentialAction\":[{\"@type\":\"SearchAction\",\"target\":{\"@type\":\"EntryPoint\",\"urlTemplate\":\"https:\/\/medicaldesign.ca\/fr\/?s={search_term_string}\"},\"query-input\":{\"@type\":\"PropertyValueSpecification\",\"valueRequired\":true,\"valueName\":\"search_term_string\"}}],\"inLanguage\":\"fr-FR\"}]}<\/script>\n<!-- \/ Yoast SEO plugin. -->","yoast_head_json":{"title":"Caniveaux de services plafonniers - Medical Design - Healthcare Technology","robots":{"index":"index","follow":"follow","max-snippet":"max-snippet:-1","max-image-preview":"max-image-preview:large","max-video-preview":"max-video-preview:-1"},"canonical":"https:\/\/medicaldesign.ca\/fr\/produits\/solutions-plafonnieres\/serie-skyline\/","og_locale":"fr_FR","og_type":"article","og_title":"Caniveaux de services plafonniers - Medical Design - Healthcare Technology","og_description":"Caniveaux de services plafonniers S\u00e9rie Skyline","og_url":"https:\/\/medicaldesign.ca\/fr\/produits\/solutions-plafonnieres\/serie-skyline\/","og_site_name":"Medical Design - Healthcare Technology","article_modified_time":"2021-05-02T14:20:17+00:00","og_image":[{"width":780,"height":483,"url":"https:\/\/medicaldesign.ca\/wp-content\/uploads\/2017\/10\/architecturaux-skyline-2-1.jpg","type":"image\/jpeg"}],"twitter_card":"summary_large_image","schema":{"@context":"https:\/\/schema.org","@graph":[{"@type":"WebPage","@id":"https:\/\/medicaldesign.ca\/fr\/produits\/solutions-plafonnieres\/serie-skyline\/","url":"https:\/\/medicaldesign.ca\/fr\/produits\/solutions-plafonnieres\/serie-skyline\/","name":"Caniveaux de services plafonniers - Medical Design - Healthcare Technology","isPartOf":{"@id":"https:\/\/medicaldesign.ca\/fr\/#website"},"primaryImageOfPage":{"@id":"https:\/\/medicaldesign.ca\/fr\/produits\/solutions-plafonnieres\/serie-skyline\/#primaryimage"},"image":{"@id":"https:\/\/medicaldesign.ca\/fr\/produits\/solutions-plafonnieres\/serie-skyline\/#primaryimage"},"thumbnailUrl":"https:\/\/medicaldesign.ca\/wp-content\/uploads\/2017\/10\/architecturaux-skyline-2-1.jpg","datePublished":"2017-10-19T19:27:07+00:00","dateModified":"2021-05-02T14:20:17+00:00","breadcrumb":{"@id":"https:\/\/medicaldesign.ca\/fr\/produits\/solutions-plafonnieres\/serie-skyline\/#breadcrumb"},"inLanguage":"fr-FR","potentialAction":[{"@type":"ReadAction","target":["https:\/\/medicaldesign.ca\/fr\/produits\/solutions-plafonnieres\/serie-skyline\/"]}]},{"@type":"ImageObject","inLanguage":"fr-FR","@id":"https:\/\/medicaldesign.ca\/fr\/produits\/solutions-plafonnieres\/serie-skyline\/#primaryimage","url":"https:\/\/medicaldesign.ca\/wp-content\/uploads\/2017\/10\/architecturaux-skyline-2-1.jpg","contentUrl":"https:\/\/medicaldesign.ca\/wp-content\/uploads\/2017\/10\/architecturaux-skyline-2-1.jpg","width":"780","height":"483"},{"@type":"BreadcrumbList","@id":"https:\/\/medicaldesign.ca\/fr\/produits\/solutions-plafonnieres\/serie-skyline\/#breadcrumb","itemListElement":[{"@type":"ListItem","position":1,"name":"Accueil","item":"https:\/\/medicaldesign.ca\/fr\/"},{"@type":"ListItem","position":2,"name":"Caniveaux de services plafonniers"}]},{"@type":"WebSite","@id":"https:\/\/medicaldesign.ca\/fr\/#website","url":"https:\/\/medicaldesign.ca\/fr\/","name":"Medical Design - Healthcare Technology","description":"EEME Medical Design Inc - Medical Gas &amp; Equipments Manufacturer.","potentialAction":[{"@type":"SearchAction","target":{"@type":"EntryPoint","urlTemplate":"https:\/\/medicaldesign.ca\/fr\/?s={search_term_string}"},"query-input":{"@type":"PropertyValueSpecification","valueRequired":true,"valueName":"search_term_string"}}],"inLanguage":"fr-FR"}]}},"_links":{"self":[{"href":"https:\/\/medicaldesign.ca\/fr\/wp-json\/wp\/v2\/product\/230","targetHints":{"allow":["GET"]}}],"collection":[{"href":"https:\/\/medicaldesign.ca\/fr\/wp-json\/wp\/v2\/product"}],"about":[{"href":"https:\/\/medicaldesign.ca\/fr\/wp-json\/wp\/v2\/types\/product"}],"wp:featuredmedia":[{"embeddable":true,"href":"https:\/\/medicaldesign.ca\/fr\/wp-json\/wp\/v2\/media\/2118"}],"wp:attachment":[{"href":"https:\/\/medicaldesign.ca\/fr\/wp-json\/wp\/v2\/media?parent=230"}],"wp:term":[{"taxonomy":"product_brand","embeddable":true,"href":"https:\/\/medicaldesign.ca\/fr\/wp-json\/wp\/v2\/product_brand?post=230"},{"taxonomy":"product_cat","embeddable":true,"href":"https:\/\/medicaldesign.ca\/fr\/wp-json\/wp\/v2\/product_cat?post=230"},{"taxonomy":"product_tag","embeddable":true,"href":"https:\/\/medicaldesign.ca\/fr\/wp-json\/wp\/v2\/product_tag?post=230"}],"curies":[{"name":"wp","href":"https:\/\/api.w.org\/{rel}","templated":true}]}}