{"id":227,"date":"2017-10-19T15:25:45","date_gmt":"2017-10-19T19:25:45","guid":{"rendered":"http:\/\/medicaldesign.ca\/?post_type=product&#038;p=227"},"modified":"2021-05-18T09:25:52","modified_gmt":"2021-05-18T13:25:52","slug":"serie-surround","status":"publish","type":"product","link":"https:\/\/medicaldesign.ca\/fr\/produits\/architecturaux\/serie-surround\/","title":{"rendered":"Syst\u00e8me de panneaux muraux"},"content":{"rendered":"<p>Gr\u00e2ce \u00e0 son concept d\u2019ing\u00e9nierie fonctionnel et pratique, la s\u00e9rie Surround offre un maximum de libert\u00e9 en termes de conception, ce qui permet aussi d\u2019optimiser les soins aupr\u00e8s des patients. Son infrastructure adaptable et extensible aide ainsi \u00e0 concevoir un meilleur environnement de soins.<\/p>\n<p>Les panneaux muraux innovateurs encastr\u00e9s permettent de regrouper les services de gaz, d\u2019\u00e9lectricit\u00e9 et de communication ainsi qu\u2019une panoplie d\u2019accessoires proche du patient pour optimiser les soins aux patients. Il s\u2019agit du panneau mural ideal pour vos chambres de patients.<\/p>\n","protected":false},"excerpt":{"rendered":"Syst\u00e8me de panneaux muraux S\u00e9rie Surround","protected":false},"featured_media":2010,"template":"","meta":{"_acf_changed":false,"inline_featured_image":false},"product_brand":[],"product_cat":[27],"product_tag":[148,145,149,150,151,146],"class_list":{"0":"post-227","1":"product","2":"type-product","3":"status-publish","4":"has-post-thumbnail","6":"product_cat-architecturaux","7":"product_tag-birthing-rooms-fr","8":"product_tag-intensive-care-fr","9":"product_tag-patient-rooms-fr","10":"product_tag-post-anesthesia-fr","11":"product_tag-recovery-rooms-fr","12":"product_tag-traumatology-fr","14":"first","15":"instock","16":"shipping-taxable","17":"product-type-simple"},"acf":[],"yoast_head":"<!-- This site is optimized with the Yoast SEO plugin v24.7 - https:\/\/yoast.com\/wordpress\/plugins\/seo\/ -->\n<title>Syst\u00e8me de panneaux muraux - Medical Design - Healthcare Technology<\/title>\n<meta name=\"robots\" content=\"index, follow, max-snippet:-1, max-image-preview:large, max-video-preview:-1\" \/>\n<link rel=\"canonical\" href=\"https:\/\/medicaldesign.ca\/fr\/produits\/architecturaux\/serie-surround\/\" \/>\n<meta property=\"og:locale\" content=\"fr_FR\" \/>\n<meta property=\"og:type\" content=\"article\" \/>\n<meta property=\"og:title\" content=\"Syst\u00e8me de panneaux muraux - Medical Design - Healthcare Technology\" \/>\n<meta property=\"og:description\" content=\"Syst\u00e8me de panneaux muraux S\u00e9rie Surround\" \/>\n<meta property=\"og:url\" content=\"https:\/\/medicaldesign.ca\/fr\/produits\/architecturaux\/serie-surround\/\" \/>\n<meta property=\"og:site_name\" content=\"Medical Design - Healthcare Technology\" \/>\n<meta property=\"article:modified_time\" content=\"2021-05-18T13:25:52+00:00\" \/>\n<meta property=\"og:image\" content=\"https:\/\/medicaldesign.ca\/wp-content\/uploads\/2017\/10\/surround7.jpg\" \/>\n\t<meta property=\"og:image:width\" content=\"780\" \/>\n\t<meta property=\"og:image:height\" content=\"483\" \/>\n\t<meta property=\"og:image:type\" content=\"image\/jpeg\" \/>\n<meta name=\"twitter:card\" content=\"summary_large_image\" \/>\n<meta name=\"twitter:label1\" content=\"Dur\u00e9e de lecture estim\u00e9e\" \/>\n\t<meta name=\"twitter:data1\" content=\"1 minute\" \/>\n<script type=\"application\/ld+json\" class=\"yoast-schema-graph\">{\"@context\":\"https:\/\/schema.org\",\"@graph\":[{\"@type\":\"WebPage\",\"@id\":\"https:\/\/medicaldesign.ca\/fr\/produits\/architecturaux\/serie-surround\/\",\"url\":\"https:\/\/medicaldesign.ca\/fr\/produits\/architecturaux\/serie-surround\/\",\"name\":\"Syst\u00e8me de panneaux muraux - Medical Design - Healthcare Technology\",\"isPartOf\":{\"@id\":\"https:\/\/medicaldesign.ca\/fr\/#website\"},\"primaryImageOfPage\":{\"@id\":\"https:\/\/medicaldesign.ca\/fr\/produits\/architecturaux\/serie-surround\/#primaryimage\"},\"image\":{\"@id\":\"https:\/\/medicaldesign.ca\/fr\/produits\/architecturaux\/serie-surround\/#primaryimage\"},\"thumbnailUrl\":\"https:\/\/medicaldesign.ca\/wp-content\/uploads\/2017\/10\/surround7.jpg\",\"datePublished\":\"2017-10-19T19:25:45+00:00\",\"dateModified\":\"2021-05-18T13:25:52+00:00\",\"breadcrumb\":{\"@id\":\"https:\/\/medicaldesign.ca\/fr\/produits\/architecturaux\/serie-surround\/#breadcrumb\"},\"inLanguage\":\"fr-FR\",\"potentialAction\":[{\"@type\":\"ReadAction\",\"target\":[\"https:\/\/medicaldesign.ca\/fr\/produits\/architecturaux\/serie-surround\/\"]}]},{\"@type\":\"ImageObject\",\"inLanguage\":\"fr-FR\",\"@id\":\"https:\/\/medicaldesign.ca\/fr\/produits\/architecturaux\/serie-surround\/#primaryimage\",\"url\":\"https:\/\/medicaldesign.ca\/wp-content\/uploads\/2017\/10\/surround7.jpg\",\"contentUrl\":\"https:\/\/medicaldesign.ca\/wp-content\/uploads\/2017\/10\/surround7.jpg\",\"width\":\"780\",\"height\":\"483\"},{\"@type\":\"BreadcrumbList\",\"@id\":\"https:\/\/medicaldesign.ca\/fr\/produits\/architecturaux\/serie-surround\/#breadcrumb\",\"itemListElement\":[{\"@type\":\"ListItem\",\"position\":1,\"name\":\"Accueil\",\"item\":\"https:\/\/medicaldesign.ca\/fr\/\"},{\"@type\":\"ListItem\",\"position\":2,\"name\":\"Syst\u00e8me de panneaux muraux\"}]},{\"@type\":\"WebSite\",\"@id\":\"https:\/\/medicaldesign.ca\/fr\/#website\",\"url\":\"https:\/\/medicaldesign.ca\/fr\/\",\"name\":\"Medical Design - Healthcare Technology\",\"description\":\"EEME Medical Design Inc - Medical Gas &amp; Equipments Manufacturer.\",\"potentialAction\":[{\"@type\":\"SearchAction\",\"target\":{\"@type\":\"EntryPoint\",\"urlTemplate\":\"https:\/\/medicaldesign.ca\/fr\/?s={search_term_string}\"},\"query-input\":{\"@type\":\"PropertyValueSpecification\",\"valueRequired\":true,\"valueName\":\"search_term_string\"}}],\"inLanguage\":\"fr-FR\"}]}<\/script>\n<!-- \/ Yoast SEO plugin. -->","yoast_head_json":{"title":"Syst\u00e8me de panneaux muraux - Medical Design - Healthcare Technology","robots":{"index":"index","follow":"follow","max-snippet":"max-snippet:-1","max-image-preview":"max-image-preview:large","max-video-preview":"max-video-preview:-1"},"canonical":"https:\/\/medicaldesign.ca\/fr\/produits\/architecturaux\/serie-surround\/","og_locale":"fr_FR","og_type":"article","og_title":"Syst\u00e8me de panneaux muraux - Medical Design - Healthcare Technology","og_description":"Syst\u00e8me de panneaux muraux S\u00e9rie Surround","og_url":"https:\/\/medicaldesign.ca\/fr\/produits\/architecturaux\/serie-surround\/","og_site_name":"Medical Design - Healthcare Technology","article_modified_time":"2021-05-18T13:25:52+00:00","og_image":[{"width":780,"height":483,"url":"https:\/\/medicaldesign.ca\/wp-content\/uploads\/2017\/10\/surround7.jpg","type":"image\/jpeg"}],"twitter_card":"summary_large_image","twitter_misc":{"Dur\u00e9e de lecture estim\u00e9e":"1 minute"},"schema":{"@context":"https:\/\/schema.org","@graph":[{"@type":"WebPage","@id":"https:\/\/medicaldesign.ca\/fr\/produits\/architecturaux\/serie-surround\/","url":"https:\/\/medicaldesign.ca\/fr\/produits\/architecturaux\/serie-surround\/","name":"Syst\u00e8me de panneaux muraux - Medical Design - Healthcare Technology","isPartOf":{"@id":"https:\/\/medicaldesign.ca\/fr\/#website"},"primaryImageOfPage":{"@id":"https:\/\/medicaldesign.ca\/fr\/produits\/architecturaux\/serie-surround\/#primaryimage"},"image":{"@id":"https:\/\/medicaldesign.ca\/fr\/produits\/architecturaux\/serie-surround\/#primaryimage"},"thumbnailUrl":"https:\/\/medicaldesign.ca\/wp-content\/uploads\/2017\/10\/surround7.jpg","datePublished":"2017-10-19T19:25:45+00:00","dateModified":"2021-05-18T13:25:52+00:00","breadcrumb":{"@id":"https:\/\/medicaldesign.ca\/fr\/produits\/architecturaux\/serie-surround\/#breadcrumb"},"inLanguage":"fr-FR","potentialAction":[{"@type":"ReadAction","target":["https:\/\/medicaldesign.ca\/fr\/produits\/architecturaux\/serie-surround\/"]}]},{"@type":"ImageObject","inLanguage":"fr-FR","@id":"https:\/\/medicaldesign.ca\/fr\/produits\/architecturaux\/serie-surround\/#primaryimage","url":"https:\/\/medicaldesign.ca\/wp-content\/uploads\/2017\/10\/surround7.jpg","contentUrl":"https:\/\/medicaldesign.ca\/wp-content\/uploads\/2017\/10\/surround7.jpg","width":"780","height":"483"},{"@type":"BreadcrumbList","@id":"https:\/\/medicaldesign.ca\/fr\/produits\/architecturaux\/serie-surround\/#breadcrumb","itemListElement":[{"@type":"ListItem","position":1,"name":"Accueil","item":"https:\/\/medicaldesign.ca\/fr\/"},{"@type":"ListItem","position":2,"name":"Syst\u00e8me de panneaux muraux"}]},{"@type":"WebSite","@id":"https:\/\/medicaldesign.ca\/fr\/#website","url":"https:\/\/medicaldesign.ca\/fr\/","name":"Medical Design - Healthcare Technology","description":"EEME Medical Design Inc - Medical Gas &amp; Equipments Manufacturer.","potentialAction":[{"@type":"SearchAction","target":{"@type":"EntryPoint","urlTemplate":"https:\/\/medicaldesign.ca\/fr\/?s={search_term_string}"},"query-input":{"@type":"PropertyValueSpecification","valueRequired":true,"valueName":"search_term_string"}}],"inLanguage":"fr-FR"}]}},"_links":{"self":[{"href":"https:\/\/medicaldesign.ca\/fr\/wp-json\/wp\/v2\/product\/227","targetHints":{"allow":["GET"]}}],"collection":[{"href":"https:\/\/medicaldesign.ca\/fr\/wp-json\/wp\/v2\/product"}],"about":[{"href":"https:\/\/medicaldesign.ca\/fr\/wp-json\/wp\/v2\/types\/product"}],"wp:featuredmedia":[{"embeddable":true,"href":"https:\/\/medicaldesign.ca\/fr\/wp-json\/wp\/v2\/media\/2010"}],"wp:attachment":[{"href":"https:\/\/medicaldesign.ca\/fr\/wp-json\/wp\/v2\/media?parent=227"}],"wp:term":[{"taxonomy":"product_brand","embeddable":true,"href":"https:\/\/medicaldesign.ca\/fr\/wp-json\/wp\/v2\/product_brand?post=227"},{"taxonomy":"product_cat","embeddable":true,"href":"https:\/\/medicaldesign.ca\/fr\/wp-json\/wp\/v2\/product_cat?post=227"},{"taxonomy":"product_tag","embeddable":true,"href":"https:\/\/medicaldesign.ca\/fr\/wp-json\/wp\/v2\/product_tag?post=227"}],"curies":[{"name":"wp","href":"https:\/\/api.w.org\/{rel}","templated":true}]}}