{"id":224,"date":"2017-10-19T15:25:08","date_gmt":"2017-10-19T19:25:08","guid":{"rendered":"http:\/\/medicaldesign.ca\/?post_type=product&#038;p=224"},"modified":"2021-05-18T09:28:01","modified_gmt":"2021-05-18T13:28:01","slug":"serie-shadow","status":"publish","type":"product","link":"https:\/\/medicaldesign.ca\/fr\/produits\/architecturaux\/serie-shadow\/","title":{"rendered":"Piedestal"},"content":{"rendered":"<p>Cet unit\u00e9 a \u00e9t\u00e9 con\u00e7u afin d\u2019\u00e9liminer les fils et les tubes qui pourraient encombrer les planchers et nuire au travail des intervenants de la sant\u00e9. Fait d\u2019acier inoxydable, il est offert en format standard ou sur mesure.<\/p>\n","protected":false},"excerpt":{"rendered":"Piedestal S\u00e9rie Shadow","protected":false},"featured_media":2120,"template":"","meta":{"_acf_changed":false,"inline_featured_image":false},"product_brand":[],"product_cat":[27],"product_tag":[74,45],"class_list":{"0":"post-224","1":"product","2":"type-product","3":"status-publish","4":"has-post-thumbnail","6":"product_cat-architecturaux","7":"product_tag-chirurgie","8":"product_tag-salles-d-operation","9":"pa_couleurs-disponibles-sur-demande","10":"pa_materiaux-disponibles-sur-demande","12":"first","13":"instock","14":"shipping-taxable","15":"product-type-simple"},"acf":[],"yoast_head":"<!-- This site is optimized with the Yoast SEO plugin v24.7 - https:\/\/yoast.com\/wordpress\/plugins\/seo\/ -->\n<title>Piedestal - Medical Design - Healthcare Technology<\/title>\n<meta name=\"robots\" content=\"index, follow, max-snippet:-1, max-image-preview:large, max-video-preview:-1\" \/>\n<link rel=\"canonical\" href=\"https:\/\/medicaldesign.ca\/fr\/produits\/architecturaux\/serie-shadow\/\" \/>\n<meta property=\"og:locale\" content=\"fr_FR\" \/>\n<meta property=\"og:type\" content=\"article\" \/>\n<meta property=\"og:title\" content=\"Piedestal - Medical Design - Healthcare Technology\" \/>\n<meta property=\"og:description\" content=\"Piedestal S\u00e9rie Shadow\" \/>\n<meta property=\"og:url\" content=\"https:\/\/medicaldesign.ca\/fr\/produits\/architecturaux\/serie-shadow\/\" \/>\n<meta property=\"og:site_name\" content=\"Medical Design - Healthcare Technology\" \/>\n<meta property=\"article:modified_time\" content=\"2021-05-18T13:28:01+00:00\" \/>\n<meta property=\"og:image\" content=\"https:\/\/medicaldesign.ca\/wp-content\/uploads\/2017\/10\/architecturaux-shadow-1.jpg\" \/>\n\t<meta property=\"og:image:width\" content=\"780\" \/>\n\t<meta property=\"og:image:height\" content=\"483\" \/>\n\t<meta property=\"og:image:type\" content=\"image\/jpeg\" \/>\n<meta name=\"twitter:card\" content=\"summary_large_image\" \/>\n<meta name=\"twitter:label1\" content=\"Dur\u00e9e de lecture estim\u00e9e\" \/>\n\t<meta name=\"twitter:data1\" content=\"1 minute\" \/>\n<script type=\"application\/ld+json\" class=\"yoast-schema-graph\">{\"@context\":\"https:\/\/schema.org\",\"@graph\":[{\"@type\":\"WebPage\",\"@id\":\"https:\/\/medicaldesign.ca\/fr\/produits\/architecturaux\/serie-shadow\/\",\"url\":\"https:\/\/medicaldesign.ca\/fr\/produits\/architecturaux\/serie-shadow\/\",\"name\":\"Piedestal - Medical Design - Healthcare Technology\",\"isPartOf\":{\"@id\":\"https:\/\/medicaldesign.ca\/fr\/#website\"},\"primaryImageOfPage\":{\"@id\":\"https:\/\/medicaldesign.ca\/fr\/produits\/architecturaux\/serie-shadow\/#primaryimage\"},\"image\":{\"@id\":\"https:\/\/medicaldesign.ca\/fr\/produits\/architecturaux\/serie-shadow\/#primaryimage\"},\"thumbnailUrl\":\"https:\/\/medicaldesign.ca\/wp-content\/uploads\/2017\/10\/architecturaux-shadow-1.jpg\",\"datePublished\":\"2017-10-19T19:25:08+00:00\",\"dateModified\":\"2021-05-18T13:28:01+00:00\",\"breadcrumb\":{\"@id\":\"https:\/\/medicaldesign.ca\/fr\/produits\/architecturaux\/serie-shadow\/#breadcrumb\"},\"inLanguage\":\"fr-FR\",\"potentialAction\":[{\"@type\":\"ReadAction\",\"target\":[\"https:\/\/medicaldesign.ca\/fr\/produits\/architecturaux\/serie-shadow\/\"]}]},{\"@type\":\"ImageObject\",\"inLanguage\":\"fr-FR\",\"@id\":\"https:\/\/medicaldesign.ca\/fr\/produits\/architecturaux\/serie-shadow\/#primaryimage\",\"url\":\"https:\/\/medicaldesign.ca\/wp-content\/uploads\/2017\/10\/architecturaux-shadow-1.jpg\",\"contentUrl\":\"https:\/\/medicaldesign.ca\/wp-content\/uploads\/2017\/10\/architecturaux-shadow-1.jpg\",\"width\":\"780\",\"height\":\"483\"},{\"@type\":\"BreadcrumbList\",\"@id\":\"https:\/\/medicaldesign.ca\/fr\/produits\/architecturaux\/serie-shadow\/#breadcrumb\",\"itemListElement\":[{\"@type\":\"ListItem\",\"position\":1,\"name\":\"Accueil\",\"item\":\"https:\/\/medicaldesign.ca\/fr\/\"},{\"@type\":\"ListItem\",\"position\":2,\"name\":\"Piedestal\"}]},{\"@type\":\"WebSite\",\"@id\":\"https:\/\/medicaldesign.ca\/fr\/#website\",\"url\":\"https:\/\/medicaldesign.ca\/fr\/\",\"name\":\"Medical Design - Healthcare Technology\",\"description\":\"EEME Medical Design Inc - Medical Gas &amp; Equipments Manufacturer.\",\"potentialAction\":[{\"@type\":\"SearchAction\",\"target\":{\"@type\":\"EntryPoint\",\"urlTemplate\":\"https:\/\/medicaldesign.ca\/fr\/?s={search_term_string}\"},\"query-input\":{\"@type\":\"PropertyValueSpecification\",\"valueRequired\":true,\"valueName\":\"search_term_string\"}}],\"inLanguage\":\"fr-FR\"}]}<\/script>\n<!-- \/ Yoast SEO plugin. -->","yoast_head_json":{"title":"Piedestal - Medical Design - Healthcare Technology","robots":{"index":"index","follow":"follow","max-snippet":"max-snippet:-1","max-image-preview":"max-image-preview:large","max-video-preview":"max-video-preview:-1"},"canonical":"https:\/\/medicaldesign.ca\/fr\/produits\/architecturaux\/serie-shadow\/","og_locale":"fr_FR","og_type":"article","og_title":"Piedestal - Medical Design - Healthcare Technology","og_description":"Piedestal S\u00e9rie Shadow","og_url":"https:\/\/medicaldesign.ca\/fr\/produits\/architecturaux\/serie-shadow\/","og_site_name":"Medical Design - Healthcare Technology","article_modified_time":"2021-05-18T13:28:01+00:00","og_image":[{"width":780,"height":483,"url":"https:\/\/medicaldesign.ca\/wp-content\/uploads\/2017\/10\/architecturaux-shadow-1.jpg","type":"image\/jpeg"}],"twitter_card":"summary_large_image","twitter_misc":{"Dur\u00e9e de lecture estim\u00e9e":"1 minute"},"schema":{"@context":"https:\/\/schema.org","@graph":[{"@type":"WebPage","@id":"https:\/\/medicaldesign.ca\/fr\/produits\/architecturaux\/serie-shadow\/","url":"https:\/\/medicaldesign.ca\/fr\/produits\/architecturaux\/serie-shadow\/","name":"Piedestal - Medical Design - Healthcare Technology","isPartOf":{"@id":"https:\/\/medicaldesign.ca\/fr\/#website"},"primaryImageOfPage":{"@id":"https:\/\/medicaldesign.ca\/fr\/produits\/architecturaux\/serie-shadow\/#primaryimage"},"image":{"@id":"https:\/\/medicaldesign.ca\/fr\/produits\/architecturaux\/serie-shadow\/#primaryimage"},"thumbnailUrl":"https:\/\/medicaldesign.ca\/wp-content\/uploads\/2017\/10\/architecturaux-shadow-1.jpg","datePublished":"2017-10-19T19:25:08+00:00","dateModified":"2021-05-18T13:28:01+00:00","breadcrumb":{"@id":"https:\/\/medicaldesign.ca\/fr\/produits\/architecturaux\/serie-shadow\/#breadcrumb"},"inLanguage":"fr-FR","potentialAction":[{"@type":"ReadAction","target":["https:\/\/medicaldesign.ca\/fr\/produits\/architecturaux\/serie-shadow\/"]}]},{"@type":"ImageObject","inLanguage":"fr-FR","@id":"https:\/\/medicaldesign.ca\/fr\/produits\/architecturaux\/serie-shadow\/#primaryimage","url":"https:\/\/medicaldesign.ca\/wp-content\/uploads\/2017\/10\/architecturaux-shadow-1.jpg","contentUrl":"https:\/\/medicaldesign.ca\/wp-content\/uploads\/2017\/10\/architecturaux-shadow-1.jpg","width":"780","height":"483"},{"@type":"BreadcrumbList","@id":"https:\/\/medicaldesign.ca\/fr\/produits\/architecturaux\/serie-shadow\/#breadcrumb","itemListElement":[{"@type":"ListItem","position":1,"name":"Accueil","item":"https:\/\/medicaldesign.ca\/fr\/"},{"@type":"ListItem","position":2,"name":"Piedestal"}]},{"@type":"WebSite","@id":"https:\/\/medicaldesign.ca\/fr\/#website","url":"https:\/\/medicaldesign.ca\/fr\/","name":"Medical Design - Healthcare Technology","description":"EEME Medical Design Inc - Medical Gas &amp; Equipments Manufacturer.","potentialAction":[{"@type":"SearchAction","target":{"@type":"EntryPoint","urlTemplate":"https:\/\/medicaldesign.ca\/fr\/?s={search_term_string}"},"query-input":{"@type":"PropertyValueSpecification","valueRequired":true,"valueName":"search_term_string"}}],"inLanguage":"fr-FR"}]}},"_links":{"self":[{"href":"https:\/\/medicaldesign.ca\/fr\/wp-json\/wp\/v2\/product\/224","targetHints":{"allow":["GET"]}}],"collection":[{"href":"https:\/\/medicaldesign.ca\/fr\/wp-json\/wp\/v2\/product"}],"about":[{"href":"https:\/\/medicaldesign.ca\/fr\/wp-json\/wp\/v2\/types\/product"}],"wp:featuredmedia":[{"embeddable":true,"href":"https:\/\/medicaldesign.ca\/fr\/wp-json\/wp\/v2\/media\/2120"}],"wp:attachment":[{"href":"https:\/\/medicaldesign.ca\/fr\/wp-json\/wp\/v2\/media?parent=224"}],"wp:term":[{"taxonomy":"product_brand","embeddable":true,"href":"https:\/\/medicaldesign.ca\/fr\/wp-json\/wp\/v2\/product_brand?post=224"},{"taxonomy":"product_cat","embeddable":true,"href":"https:\/\/medicaldesign.ca\/fr\/wp-json\/wp\/v2\/product_cat?post=224"},{"taxonomy":"product_tag","embeddable":true,"href":"https:\/\/medicaldesign.ca\/fr\/wp-json\/wp\/v2\/product_tag?post=224"}],"curies":[{"name":"wp","href":"https:\/\/api.w.org\/{rel}","templated":true}]}}