{"id":221,"date":"2017-10-19T15:24:28","date_gmt":"2017-10-19T19:24:28","guid":{"rendered":"http:\/\/medicaldesign.ca\/?post_type=product&#038;p=221"},"modified":"2021-05-18T09:24:04","modified_gmt":"2021-05-18T13:24:04","slug":"serie-seviport","status":"publish","type":"product","link":"https:\/\/medicaldesign.ca\/fr\/produits\/solutions-plafonnieres\/serie-seviport\/","title":{"rendered":"Unit\u00e9s de distribution r\u00e9tractable"},"content":{"rendered":"<p>La s\u00e9rie S\u00e9viport a sp\u00e9cialement \u00e9t\u00e9 con\u00e7ue pour les formations en classe dans les coll\u00e8ges et les universit\u00e9s. L\u2019int\u00e9gration plafonni\u00e8re multifonctionnelle permet de lib\u00e9rer l\u2019espace lorsque non-utilis\u00e9. Des bras articul\u00e9s pour les lampes et les moniteurs sont aussi offerts en option.<\/p>\n","protected":false},"excerpt":{"rendered":"Unit\u00e9s de distribution r\u00e9tractable S\u00e9rie S\u00e9rviport","protected":false},"featured_media":2014,"template":"","meta":{"_acf_changed":false,"inline_featured_image":false},"product_brand":[],"product_cat":[28],"product_tag":[71],"class_list":{"0":"post-221","1":"product","2":"type-product","3":"status-publish","4":"has-post-thumbnail","6":"product_cat-solutions-plafonnieres","7":"product_tag-centre-de-formation","8":"pa_couleurs-disponibles-sur-demande","9":"pa_materiaux-disponibles-sur-demande","11":"first","12":"instock","13":"shipping-taxable","14":"product-type-simple"},"acf":[],"yoast_head":"<!-- This site is optimized with the Yoast SEO plugin v24.7 - https:\/\/yoast.com\/wordpress\/plugins\/seo\/ -->\n<title>Unit\u00e9s de distribution r\u00e9tractable - Medical Design - Healthcare Technology<\/title>\n<meta name=\"robots\" content=\"index, follow, max-snippet:-1, max-image-preview:large, max-video-preview:-1\" \/>\n<link rel=\"canonical\" href=\"https:\/\/medicaldesign.ca\/fr\/produits\/solutions-plafonnieres\/serie-seviport\/\" \/>\n<meta property=\"og:locale\" content=\"fr_FR\" \/>\n<meta property=\"og:type\" content=\"article\" \/>\n<meta property=\"og:title\" content=\"Unit\u00e9s de distribution r\u00e9tractable - Medical Design - Healthcare Technology\" \/>\n<meta property=\"og:description\" content=\"Unit\u00e9s de distribution r\u00e9tractable S\u00e9rie S\u00e9rviport\" \/>\n<meta property=\"og:url\" content=\"https:\/\/medicaldesign.ca\/fr\/produits\/solutions-plafonnieres\/serie-seviport\/\" \/>\n<meta property=\"og:site_name\" content=\"Medical Design - Healthcare Technology\" \/>\n<meta property=\"article:modified_time\" content=\"2021-05-18T13:24:04+00:00\" \/>\n<meta property=\"og:image\" content=\"https:\/\/medicaldesign.ca\/wp-content\/uploads\/2017\/10\/Serviport1.jpg\" \/>\n\t<meta property=\"og:image:width\" content=\"780\" \/>\n\t<meta property=\"og:image:height\" content=\"483\" \/>\n\t<meta property=\"og:image:type\" content=\"image\/jpeg\" \/>\n<meta name=\"twitter:card\" content=\"summary_large_image\" \/>\n<script type=\"application\/ld+json\" class=\"yoast-schema-graph\">{\"@context\":\"https:\/\/schema.org\",\"@graph\":[{\"@type\":\"WebPage\",\"@id\":\"https:\/\/medicaldesign.ca\/fr\/produits\/solutions-plafonnieres\/serie-seviport\/\",\"url\":\"https:\/\/medicaldesign.ca\/fr\/produits\/solutions-plafonnieres\/serie-seviport\/\",\"name\":\"Unit\u00e9s de distribution r\u00e9tractable - Medical Design - Healthcare Technology\",\"isPartOf\":{\"@id\":\"https:\/\/medicaldesign.ca\/fr\/#website\"},\"primaryImageOfPage\":{\"@id\":\"https:\/\/medicaldesign.ca\/fr\/produits\/solutions-plafonnieres\/serie-seviport\/#primaryimage\"},\"image\":{\"@id\":\"https:\/\/medicaldesign.ca\/fr\/produits\/solutions-plafonnieres\/serie-seviport\/#primaryimage\"},\"thumbnailUrl\":\"https:\/\/medicaldesign.ca\/wp-content\/uploads\/2017\/10\/Serviport1.jpg\",\"datePublished\":\"2017-10-19T19:24:28+00:00\",\"dateModified\":\"2021-05-18T13:24:04+00:00\",\"breadcrumb\":{\"@id\":\"https:\/\/medicaldesign.ca\/fr\/produits\/solutions-plafonnieres\/serie-seviport\/#breadcrumb\"},\"inLanguage\":\"fr-FR\",\"potentialAction\":[{\"@type\":\"ReadAction\",\"target\":[\"https:\/\/medicaldesign.ca\/fr\/produits\/solutions-plafonnieres\/serie-seviport\/\"]}]},{\"@type\":\"ImageObject\",\"inLanguage\":\"fr-FR\",\"@id\":\"https:\/\/medicaldesign.ca\/fr\/produits\/solutions-plafonnieres\/serie-seviport\/#primaryimage\",\"url\":\"https:\/\/medicaldesign.ca\/wp-content\/uploads\/2017\/10\/Serviport1.jpg\",\"contentUrl\":\"https:\/\/medicaldesign.ca\/wp-content\/uploads\/2017\/10\/Serviport1.jpg\",\"width\":\"780\",\"height\":\"483\"},{\"@type\":\"BreadcrumbList\",\"@id\":\"https:\/\/medicaldesign.ca\/fr\/produits\/solutions-plafonnieres\/serie-seviport\/#breadcrumb\",\"itemListElement\":[{\"@type\":\"ListItem\",\"position\":1,\"name\":\"Accueil\",\"item\":\"https:\/\/medicaldesign.ca\/fr\/\"},{\"@type\":\"ListItem\",\"position\":2,\"name\":\"Unit\u00e9s de distribution r\u00e9tractable\"}]},{\"@type\":\"WebSite\",\"@id\":\"https:\/\/medicaldesign.ca\/fr\/#website\",\"url\":\"https:\/\/medicaldesign.ca\/fr\/\",\"name\":\"Medical Design - Healthcare Technology\",\"description\":\"EEME Medical Design Inc - Medical Gas &amp; Equipments Manufacturer.\",\"potentialAction\":[{\"@type\":\"SearchAction\",\"target\":{\"@type\":\"EntryPoint\",\"urlTemplate\":\"https:\/\/medicaldesign.ca\/fr\/?s={search_term_string}\"},\"query-input\":{\"@type\":\"PropertyValueSpecification\",\"valueRequired\":true,\"valueName\":\"search_term_string\"}}],\"inLanguage\":\"fr-FR\"}]}<\/script>\n<!-- \/ Yoast SEO plugin. -->","yoast_head_json":{"title":"Unit\u00e9s de distribution r\u00e9tractable - Medical Design - Healthcare Technology","robots":{"index":"index","follow":"follow","max-snippet":"max-snippet:-1","max-image-preview":"max-image-preview:large","max-video-preview":"max-video-preview:-1"},"canonical":"https:\/\/medicaldesign.ca\/fr\/produits\/solutions-plafonnieres\/serie-seviport\/","og_locale":"fr_FR","og_type":"article","og_title":"Unit\u00e9s de distribution r\u00e9tractable - Medical Design - Healthcare Technology","og_description":"Unit\u00e9s de distribution r\u00e9tractable S\u00e9rie S\u00e9rviport","og_url":"https:\/\/medicaldesign.ca\/fr\/produits\/solutions-plafonnieres\/serie-seviport\/","og_site_name":"Medical Design - Healthcare Technology","article_modified_time":"2021-05-18T13:24:04+00:00","og_image":[{"width":780,"height":483,"url":"https:\/\/medicaldesign.ca\/wp-content\/uploads\/2017\/10\/Serviport1.jpg","type":"image\/jpeg"}],"twitter_card":"summary_large_image","schema":{"@context":"https:\/\/schema.org","@graph":[{"@type":"WebPage","@id":"https:\/\/medicaldesign.ca\/fr\/produits\/solutions-plafonnieres\/serie-seviport\/","url":"https:\/\/medicaldesign.ca\/fr\/produits\/solutions-plafonnieres\/serie-seviport\/","name":"Unit\u00e9s de distribution r\u00e9tractable - Medical Design - Healthcare Technology","isPartOf":{"@id":"https:\/\/medicaldesign.ca\/fr\/#website"},"primaryImageOfPage":{"@id":"https:\/\/medicaldesign.ca\/fr\/produits\/solutions-plafonnieres\/serie-seviport\/#primaryimage"},"image":{"@id":"https:\/\/medicaldesign.ca\/fr\/produits\/solutions-plafonnieres\/serie-seviport\/#primaryimage"},"thumbnailUrl":"https:\/\/medicaldesign.ca\/wp-content\/uploads\/2017\/10\/Serviport1.jpg","datePublished":"2017-10-19T19:24:28+00:00","dateModified":"2021-05-18T13:24:04+00:00","breadcrumb":{"@id":"https:\/\/medicaldesign.ca\/fr\/produits\/solutions-plafonnieres\/serie-seviport\/#breadcrumb"},"inLanguage":"fr-FR","potentialAction":[{"@type":"ReadAction","target":["https:\/\/medicaldesign.ca\/fr\/produits\/solutions-plafonnieres\/serie-seviport\/"]}]},{"@type":"ImageObject","inLanguage":"fr-FR","@id":"https:\/\/medicaldesign.ca\/fr\/produits\/solutions-plafonnieres\/serie-seviport\/#primaryimage","url":"https:\/\/medicaldesign.ca\/wp-content\/uploads\/2017\/10\/Serviport1.jpg","contentUrl":"https:\/\/medicaldesign.ca\/wp-content\/uploads\/2017\/10\/Serviport1.jpg","width":"780","height":"483"},{"@type":"BreadcrumbList","@id":"https:\/\/medicaldesign.ca\/fr\/produits\/solutions-plafonnieres\/serie-seviport\/#breadcrumb","itemListElement":[{"@type":"ListItem","position":1,"name":"Accueil","item":"https:\/\/medicaldesign.ca\/fr\/"},{"@type":"ListItem","position":2,"name":"Unit\u00e9s de distribution r\u00e9tractable"}]},{"@type":"WebSite","@id":"https:\/\/medicaldesign.ca\/fr\/#website","url":"https:\/\/medicaldesign.ca\/fr\/","name":"Medical Design - Healthcare Technology","description":"EEME Medical Design Inc - Medical Gas &amp; Equipments Manufacturer.","potentialAction":[{"@type":"SearchAction","target":{"@type":"EntryPoint","urlTemplate":"https:\/\/medicaldesign.ca\/fr\/?s={search_term_string}"},"query-input":{"@type":"PropertyValueSpecification","valueRequired":true,"valueName":"search_term_string"}}],"inLanguage":"fr-FR"}]}},"_links":{"self":[{"href":"https:\/\/medicaldesign.ca\/fr\/wp-json\/wp\/v2\/product\/221","targetHints":{"allow":["GET"]}}],"collection":[{"href":"https:\/\/medicaldesign.ca\/fr\/wp-json\/wp\/v2\/product"}],"about":[{"href":"https:\/\/medicaldesign.ca\/fr\/wp-json\/wp\/v2\/types\/product"}],"wp:featuredmedia":[{"embeddable":true,"href":"https:\/\/medicaldesign.ca\/fr\/wp-json\/wp\/v2\/media\/2014"}],"wp:attachment":[{"href":"https:\/\/medicaldesign.ca\/fr\/wp-json\/wp\/v2\/media?parent=221"}],"wp:term":[{"taxonomy":"product_brand","embeddable":true,"href":"https:\/\/medicaldesign.ca\/fr\/wp-json\/wp\/v2\/product_brand?post=221"},{"taxonomy":"product_cat","embeddable":true,"href":"https:\/\/medicaldesign.ca\/fr\/wp-json\/wp\/v2\/product_cat?post=221"},{"taxonomy":"product_tag","embeddable":true,"href":"https:\/\/medicaldesign.ca\/fr\/wp-json\/wp\/v2\/product_tag?post=221"}],"curies":[{"name":"wp","href":"https:\/\/api.w.org\/{rel}","templated":true}]}}