{"id":218,"date":"2017-10-19T15:23:48","date_gmt":"2017-10-19T19:23:48","guid":{"rendered":"http:\/\/medicaldesign.ca\/?post_type=product&#038;p=218"},"modified":"2021-05-07T10:10:18","modified_gmt":"2021-05-07T14:10:18","slug":"serie-aurora","status":"publish","type":"product","link":"https:\/\/medicaldesign.ca\/fr\/produits\/architecturaux\/serie-aurora\/","title":{"rendered":"Solutions sur-mesure"},"content":{"rendered":"<p>La s\u00e9rie Aurora est un concept unique pour les aires des soins aux poupons. Enti\u00e8rement fait sur mesure et offrant une panoplie de concepts et de configurations murales, plafonni\u00e8res et suspendues, les soins aux nouveaux n\u00e9s sont \u00e0 l\u2019avant-garde de l\u2019ergonomie.<\/p>\n","protected":false},"excerpt":{"rendered":"Solutions sur-mesure\u2028","protected":false},"featured_media":2329,"template":"","meta":{"_acf_changed":false,"inline_featured_image":false},"product_brand":[],"product_cat":[27],"product_tag":[73,77,54],"class_list":{"0":"post-218","1":"product","2":"type-product","3":"status-publish","4":"has-post-thumbnail","6":"product_cat-architecturaux","7":"product_tag-neonatalogie","8":"product_tag-pouponniere","9":"product_tag-soins-intensifs","10":"pa_couleurs-disponibles-sur-demande","11":"pa_materiaux-disponibles-sur-demande","13":"first","14":"instock","15":"shipping-taxable","16":"product-type-simple"},"acf":[],"yoast_head":"<!-- This site is optimized with the Yoast SEO plugin v24.7 - https:\/\/yoast.com\/wordpress\/plugins\/seo\/ -->\n<title>Solutions sur-mesure - Medical Design - Healthcare Technology<\/title>\n<meta name=\"robots\" content=\"index, follow, max-snippet:-1, max-image-preview:large, max-video-preview:-1\" \/>\n<link rel=\"canonical\" href=\"https:\/\/medicaldesign.ca\/fr\/produits\/architecturaux\/serie-aurora\/\" \/>\n<meta property=\"og:locale\" content=\"fr_FR\" \/>\n<meta property=\"og:type\" content=\"article\" \/>\n<meta property=\"og:title\" content=\"Solutions sur-mesure - Medical Design - Healthcare Technology\" \/>\n<meta property=\"og:description\" content=\"Solutions sur-mesure\u2028\" \/>\n<meta property=\"og:url\" content=\"https:\/\/medicaldesign.ca\/fr\/produits\/architecturaux\/serie-aurora\/\" \/>\n<meta property=\"og:site_name\" content=\"Medical Design - Healthcare Technology\" \/>\n<meta property=\"article:modified_time\" content=\"2021-05-07T14:10:18+00:00\" \/>\n<meta property=\"og:image\" content=\"https:\/\/medicaldesign.ca\/wp-content\/uploads\/2017\/10\/Custom-cover.jpg\" \/>\n\t<meta property=\"og:image:width\" content=\"780\" \/>\n\t<meta property=\"og:image:height\" content=\"483\" \/>\n\t<meta property=\"og:image:type\" content=\"image\/jpeg\" \/>\n<meta name=\"twitter:card\" content=\"summary_large_image\" \/>\n<script type=\"application\/ld+json\" class=\"yoast-schema-graph\">{\"@context\":\"https:\/\/schema.org\",\"@graph\":[{\"@type\":\"WebPage\",\"@id\":\"https:\/\/medicaldesign.ca\/fr\/produits\/architecturaux\/serie-aurora\/\",\"url\":\"https:\/\/medicaldesign.ca\/fr\/produits\/architecturaux\/serie-aurora\/\",\"name\":\"Solutions sur-mesure - Medical Design - Healthcare Technology\",\"isPartOf\":{\"@id\":\"https:\/\/medicaldesign.ca\/fr\/#website\"},\"primaryImageOfPage\":{\"@id\":\"https:\/\/medicaldesign.ca\/fr\/produits\/architecturaux\/serie-aurora\/#primaryimage\"},\"image\":{\"@id\":\"https:\/\/medicaldesign.ca\/fr\/produits\/architecturaux\/serie-aurora\/#primaryimage\"},\"thumbnailUrl\":\"https:\/\/medicaldesign.ca\/wp-content\/uploads\/2017\/10\/Custom-cover.jpg\",\"datePublished\":\"2017-10-19T19:23:48+00:00\",\"dateModified\":\"2021-05-07T14:10:18+00:00\",\"breadcrumb\":{\"@id\":\"https:\/\/medicaldesign.ca\/fr\/produits\/architecturaux\/serie-aurora\/#breadcrumb\"},\"inLanguage\":\"fr-FR\",\"potentialAction\":[{\"@type\":\"ReadAction\",\"target\":[\"https:\/\/medicaldesign.ca\/fr\/produits\/architecturaux\/serie-aurora\/\"]}]},{\"@type\":\"ImageObject\",\"inLanguage\":\"fr-FR\",\"@id\":\"https:\/\/medicaldesign.ca\/fr\/produits\/architecturaux\/serie-aurora\/#primaryimage\",\"url\":\"https:\/\/medicaldesign.ca\/wp-content\/uploads\/2017\/10\/Custom-cover.jpg\",\"contentUrl\":\"https:\/\/medicaldesign.ca\/wp-content\/uploads\/2017\/10\/Custom-cover.jpg\",\"width\":\"780\",\"height\":\"483\"},{\"@type\":\"BreadcrumbList\",\"@id\":\"https:\/\/medicaldesign.ca\/fr\/produits\/architecturaux\/serie-aurora\/#breadcrumb\",\"itemListElement\":[{\"@type\":\"ListItem\",\"position\":1,\"name\":\"Accueil\",\"item\":\"https:\/\/medicaldesign.ca\/fr\/\"},{\"@type\":\"ListItem\",\"position\":2,\"name\":\"Solutions sur-mesure\"}]},{\"@type\":\"WebSite\",\"@id\":\"https:\/\/medicaldesign.ca\/fr\/#website\",\"url\":\"https:\/\/medicaldesign.ca\/fr\/\",\"name\":\"Medical Design - Healthcare Technology\",\"description\":\"EEME Medical Design Inc - Medical Gas &amp; Equipments Manufacturer.\",\"potentialAction\":[{\"@type\":\"SearchAction\",\"target\":{\"@type\":\"EntryPoint\",\"urlTemplate\":\"https:\/\/medicaldesign.ca\/fr\/?s={search_term_string}\"},\"query-input\":{\"@type\":\"PropertyValueSpecification\",\"valueRequired\":true,\"valueName\":\"search_term_string\"}}],\"inLanguage\":\"fr-FR\"}]}<\/script>\n<!-- \/ Yoast SEO plugin. -->","yoast_head_json":{"title":"Solutions sur-mesure - Medical Design - Healthcare Technology","robots":{"index":"index","follow":"follow","max-snippet":"max-snippet:-1","max-image-preview":"max-image-preview:large","max-video-preview":"max-video-preview:-1"},"canonical":"https:\/\/medicaldesign.ca\/fr\/produits\/architecturaux\/serie-aurora\/","og_locale":"fr_FR","og_type":"article","og_title":"Solutions sur-mesure - Medical Design - Healthcare Technology","og_description":"Solutions sur-mesure\u2028","og_url":"https:\/\/medicaldesign.ca\/fr\/produits\/architecturaux\/serie-aurora\/","og_site_name":"Medical Design - Healthcare Technology","article_modified_time":"2021-05-07T14:10:18+00:00","og_image":[{"width":780,"height":483,"url":"https:\/\/medicaldesign.ca\/wp-content\/uploads\/2017\/10\/Custom-cover.jpg","type":"image\/jpeg"}],"twitter_card":"summary_large_image","schema":{"@context":"https:\/\/schema.org","@graph":[{"@type":"WebPage","@id":"https:\/\/medicaldesign.ca\/fr\/produits\/architecturaux\/serie-aurora\/","url":"https:\/\/medicaldesign.ca\/fr\/produits\/architecturaux\/serie-aurora\/","name":"Solutions sur-mesure - Medical Design - Healthcare Technology","isPartOf":{"@id":"https:\/\/medicaldesign.ca\/fr\/#website"},"primaryImageOfPage":{"@id":"https:\/\/medicaldesign.ca\/fr\/produits\/architecturaux\/serie-aurora\/#primaryimage"},"image":{"@id":"https:\/\/medicaldesign.ca\/fr\/produits\/architecturaux\/serie-aurora\/#primaryimage"},"thumbnailUrl":"https:\/\/medicaldesign.ca\/wp-content\/uploads\/2017\/10\/Custom-cover.jpg","datePublished":"2017-10-19T19:23:48+00:00","dateModified":"2021-05-07T14:10:18+00:00","breadcrumb":{"@id":"https:\/\/medicaldesign.ca\/fr\/produits\/architecturaux\/serie-aurora\/#breadcrumb"},"inLanguage":"fr-FR","potentialAction":[{"@type":"ReadAction","target":["https:\/\/medicaldesign.ca\/fr\/produits\/architecturaux\/serie-aurora\/"]}]},{"@type":"ImageObject","inLanguage":"fr-FR","@id":"https:\/\/medicaldesign.ca\/fr\/produits\/architecturaux\/serie-aurora\/#primaryimage","url":"https:\/\/medicaldesign.ca\/wp-content\/uploads\/2017\/10\/Custom-cover.jpg","contentUrl":"https:\/\/medicaldesign.ca\/wp-content\/uploads\/2017\/10\/Custom-cover.jpg","width":"780","height":"483"},{"@type":"BreadcrumbList","@id":"https:\/\/medicaldesign.ca\/fr\/produits\/architecturaux\/serie-aurora\/#breadcrumb","itemListElement":[{"@type":"ListItem","position":1,"name":"Accueil","item":"https:\/\/medicaldesign.ca\/fr\/"},{"@type":"ListItem","position":2,"name":"Solutions sur-mesure"}]},{"@type":"WebSite","@id":"https:\/\/medicaldesign.ca\/fr\/#website","url":"https:\/\/medicaldesign.ca\/fr\/","name":"Medical Design - Healthcare Technology","description":"EEME Medical Design Inc - Medical Gas &amp; Equipments Manufacturer.","potentialAction":[{"@type":"SearchAction","target":{"@type":"EntryPoint","urlTemplate":"https:\/\/medicaldesign.ca\/fr\/?s={search_term_string}"},"query-input":{"@type":"PropertyValueSpecification","valueRequired":true,"valueName":"search_term_string"}}],"inLanguage":"fr-FR"}]}},"_links":{"self":[{"href":"https:\/\/medicaldesign.ca\/fr\/wp-json\/wp\/v2\/product\/218","targetHints":{"allow":["GET"]}}],"collection":[{"href":"https:\/\/medicaldesign.ca\/fr\/wp-json\/wp\/v2\/product"}],"about":[{"href":"https:\/\/medicaldesign.ca\/fr\/wp-json\/wp\/v2\/types\/product"}],"wp:featuredmedia":[{"embeddable":true,"href":"https:\/\/medicaldesign.ca\/fr\/wp-json\/wp\/v2\/media\/2329"}],"wp:attachment":[{"href":"https:\/\/medicaldesign.ca\/fr\/wp-json\/wp\/v2\/media?parent=218"}],"wp:term":[{"taxonomy":"product_brand","embeddable":true,"href":"https:\/\/medicaldesign.ca\/fr\/wp-json\/wp\/v2\/product_brand?post=218"},{"taxonomy":"product_cat","embeddable":true,"href":"https:\/\/medicaldesign.ca\/fr\/wp-json\/wp\/v2\/product_cat?post=218"},{"taxonomy":"product_tag","embeddable":true,"href":"https:\/\/medicaldesign.ca\/fr\/wp-json\/wp\/v2\/product_tag?post=218"}],"curies":[{"name":"wp","href":"https:\/\/api.w.org\/{rel}","templated":true}]}}