{"id":199,"date":"2017-10-19T15:18:28","date_gmt":"2017-10-19T19:18:28","guid":{"rendered":"http:\/\/medicaldesign.ca\/?post_type=product&#038;p=199"},"modified":"2021-05-07T10:13:58","modified_gmt":"2021-05-07T14:13:58","slug":"serie-prestige","status":"publish","type":"product","link":"https:\/\/medicaldesign.ca\/fr\/produits\/architecturaux\/serie-prestige\/","title":{"rendered":"Caniveaux de services horizontaux"},"content":{"rendered":"<p>La s\u00e9rie Prestige offre une accessibilit\u00e9 et une ergonomie unique dans les aires de soins. Enti\u00e8rement personnalisable, ces unit\u00e9s sont offertes en version simple, double ou triple hauteur, ainsi qu\u2019en installation en surface ou encastr\u00e9. Toutes les surfaces sont finies \u00e0 l\u2019\u00e9poxy cuite avec un grand choix de couleur.<\/p>\n","protected":false},"excerpt":{"rendered":"Caniveaux de services horizontaux S\u00e9rie Prestige","protected":false},"featured_media":2024,"template":"","meta":{"_acf_changed":false,"inline_featured_image":false},"product_brand":[],"product_cat":[27],"product_tag":[148,147,145,143,149,150,155,151,154,152,153,146],"class_list":{"0":"post-199","1":"product","2":"type-product","3":"status-publish","4":"has-post-thumbnail","6":"product_cat-architecturaux","7":"product_tag-birthing-rooms-fr","8":"product_tag-emergency-units-fr","9":"product_tag-intensive-care-fr","10":"product_tag-neonatology-fr","11":"product_tag-patient-rooms-fr","12":"product_tag-post-anesthesia-fr","13":"product_tag-radiology-fr","14":"product_tag-recovery-rooms-fr","15":"product_tag-special-procedures-fr","16":"product_tag-surgery-fr","17":"product_tag-transitional-care-fr","18":"product_tag-traumatology-fr","20":"first","21":"instock","22":"shipping-taxable","23":"product-type-simple"},"acf":[],"yoast_head":"<!-- This site is optimized with the Yoast SEO plugin v24.7 - https:\/\/yoast.com\/wordpress\/plugins\/seo\/ -->\n<title>Caniveaux de services horizontaux - Medical Design - Healthcare Technology<\/title>\n<meta name=\"robots\" content=\"index, follow, max-snippet:-1, max-image-preview:large, max-video-preview:-1\" \/>\n<link rel=\"canonical\" href=\"https:\/\/medicaldesign.ca\/fr\/produits\/architecturaux\/serie-prestige\/\" \/>\n<meta property=\"og:locale\" content=\"fr_FR\" \/>\n<meta property=\"og:type\" content=\"article\" \/>\n<meta property=\"og:title\" content=\"Caniveaux de services horizontaux - Medical Design - Healthcare Technology\" \/>\n<meta property=\"og:description\" content=\"Caniveaux de services horizontaux S\u00e9rie Prestige\" \/>\n<meta property=\"og:url\" content=\"https:\/\/medicaldesign.ca\/fr\/produits\/architecturaux\/serie-prestige\/\" \/>\n<meta property=\"og:site_name\" content=\"Medical Design - Healthcare Technology\" \/>\n<meta property=\"article:modified_time\" content=\"2021-05-07T14:13:58+00:00\" \/>\n<meta property=\"og:image\" content=\"https:\/\/medicaldesign.ca\/wp-content\/uploads\/2017\/10\/prestige1.jpg\" \/>\n\t<meta property=\"og:image:width\" content=\"780\" \/>\n\t<meta property=\"og:image:height\" content=\"483\" \/>\n\t<meta property=\"og:image:type\" content=\"image\/jpeg\" \/>\n<meta name=\"twitter:card\" content=\"summary_large_image\" \/>\n<script type=\"application\/ld+json\" class=\"yoast-schema-graph\">{\"@context\":\"https:\/\/schema.org\",\"@graph\":[{\"@type\":\"WebPage\",\"@id\":\"https:\/\/medicaldesign.ca\/fr\/produits\/architecturaux\/serie-prestige\/\",\"url\":\"https:\/\/medicaldesign.ca\/fr\/produits\/architecturaux\/serie-prestige\/\",\"name\":\"Caniveaux de services horizontaux - Medical Design - Healthcare Technology\",\"isPartOf\":{\"@id\":\"https:\/\/medicaldesign.ca\/fr\/#website\"},\"primaryImageOfPage\":{\"@id\":\"https:\/\/medicaldesign.ca\/fr\/produits\/architecturaux\/serie-prestige\/#primaryimage\"},\"image\":{\"@id\":\"https:\/\/medicaldesign.ca\/fr\/produits\/architecturaux\/serie-prestige\/#primaryimage\"},\"thumbnailUrl\":\"https:\/\/medicaldesign.ca\/wp-content\/uploads\/2017\/10\/prestige1.jpg\",\"datePublished\":\"2017-10-19T19:18:28+00:00\",\"dateModified\":\"2021-05-07T14:13:58+00:00\",\"breadcrumb\":{\"@id\":\"https:\/\/medicaldesign.ca\/fr\/produits\/architecturaux\/serie-prestige\/#breadcrumb\"},\"inLanguage\":\"fr-FR\",\"potentialAction\":[{\"@type\":\"ReadAction\",\"target\":[\"https:\/\/medicaldesign.ca\/fr\/produits\/architecturaux\/serie-prestige\/\"]}]},{\"@type\":\"ImageObject\",\"inLanguage\":\"fr-FR\",\"@id\":\"https:\/\/medicaldesign.ca\/fr\/produits\/architecturaux\/serie-prestige\/#primaryimage\",\"url\":\"https:\/\/medicaldesign.ca\/wp-content\/uploads\/2017\/10\/prestige1.jpg\",\"contentUrl\":\"https:\/\/medicaldesign.ca\/wp-content\/uploads\/2017\/10\/prestige1.jpg\",\"width\":\"780\",\"height\":\"483\"},{\"@type\":\"BreadcrumbList\",\"@id\":\"https:\/\/medicaldesign.ca\/fr\/produits\/architecturaux\/serie-prestige\/#breadcrumb\",\"itemListElement\":[{\"@type\":\"ListItem\",\"position\":1,\"name\":\"Accueil\",\"item\":\"https:\/\/medicaldesign.ca\/fr\/\"},{\"@type\":\"ListItem\",\"position\":2,\"name\":\"Caniveaux de services horizontaux\"}]},{\"@type\":\"WebSite\",\"@id\":\"https:\/\/medicaldesign.ca\/fr\/#website\",\"url\":\"https:\/\/medicaldesign.ca\/fr\/\",\"name\":\"Medical Design - Healthcare Technology\",\"description\":\"EEME Medical Design Inc - Medical Gas &amp; Equipments Manufacturer.\",\"potentialAction\":[{\"@type\":\"SearchAction\",\"target\":{\"@type\":\"EntryPoint\",\"urlTemplate\":\"https:\/\/medicaldesign.ca\/fr\/?s={search_term_string}\"},\"query-input\":{\"@type\":\"PropertyValueSpecification\",\"valueRequired\":true,\"valueName\":\"search_term_string\"}}],\"inLanguage\":\"fr-FR\"}]}<\/script>\n<!-- \/ Yoast SEO plugin. -->","yoast_head_json":{"title":"Caniveaux de services horizontaux - Medical Design - Healthcare Technology","robots":{"index":"index","follow":"follow","max-snippet":"max-snippet:-1","max-image-preview":"max-image-preview:large","max-video-preview":"max-video-preview:-1"},"canonical":"https:\/\/medicaldesign.ca\/fr\/produits\/architecturaux\/serie-prestige\/","og_locale":"fr_FR","og_type":"article","og_title":"Caniveaux de services horizontaux - Medical Design - Healthcare Technology","og_description":"Caniveaux de services horizontaux S\u00e9rie Prestige","og_url":"https:\/\/medicaldesign.ca\/fr\/produits\/architecturaux\/serie-prestige\/","og_site_name":"Medical Design - Healthcare Technology","article_modified_time":"2021-05-07T14:13:58+00:00","og_image":[{"width":780,"height":483,"url":"https:\/\/medicaldesign.ca\/wp-content\/uploads\/2017\/10\/prestige1.jpg","type":"image\/jpeg"}],"twitter_card":"summary_large_image","schema":{"@context":"https:\/\/schema.org","@graph":[{"@type":"WebPage","@id":"https:\/\/medicaldesign.ca\/fr\/produits\/architecturaux\/serie-prestige\/","url":"https:\/\/medicaldesign.ca\/fr\/produits\/architecturaux\/serie-prestige\/","name":"Caniveaux de services horizontaux - Medical Design - Healthcare Technology","isPartOf":{"@id":"https:\/\/medicaldesign.ca\/fr\/#website"},"primaryImageOfPage":{"@id":"https:\/\/medicaldesign.ca\/fr\/produits\/architecturaux\/serie-prestige\/#primaryimage"},"image":{"@id":"https:\/\/medicaldesign.ca\/fr\/produits\/architecturaux\/serie-prestige\/#primaryimage"},"thumbnailUrl":"https:\/\/medicaldesign.ca\/wp-content\/uploads\/2017\/10\/prestige1.jpg","datePublished":"2017-10-19T19:18:28+00:00","dateModified":"2021-05-07T14:13:58+00:00","breadcrumb":{"@id":"https:\/\/medicaldesign.ca\/fr\/produits\/architecturaux\/serie-prestige\/#breadcrumb"},"inLanguage":"fr-FR","potentialAction":[{"@type":"ReadAction","target":["https:\/\/medicaldesign.ca\/fr\/produits\/architecturaux\/serie-prestige\/"]}]},{"@type":"ImageObject","inLanguage":"fr-FR","@id":"https:\/\/medicaldesign.ca\/fr\/produits\/architecturaux\/serie-prestige\/#primaryimage","url":"https:\/\/medicaldesign.ca\/wp-content\/uploads\/2017\/10\/prestige1.jpg","contentUrl":"https:\/\/medicaldesign.ca\/wp-content\/uploads\/2017\/10\/prestige1.jpg","width":"780","height":"483"},{"@type":"BreadcrumbList","@id":"https:\/\/medicaldesign.ca\/fr\/produits\/architecturaux\/serie-prestige\/#breadcrumb","itemListElement":[{"@type":"ListItem","position":1,"name":"Accueil","item":"https:\/\/medicaldesign.ca\/fr\/"},{"@type":"ListItem","position":2,"name":"Caniveaux de services horizontaux"}]},{"@type":"WebSite","@id":"https:\/\/medicaldesign.ca\/fr\/#website","url":"https:\/\/medicaldesign.ca\/fr\/","name":"Medical Design - Healthcare Technology","description":"EEME Medical Design Inc - Medical Gas &amp; Equipments Manufacturer.","potentialAction":[{"@type":"SearchAction","target":{"@type":"EntryPoint","urlTemplate":"https:\/\/medicaldesign.ca\/fr\/?s={search_term_string}"},"query-input":{"@type":"PropertyValueSpecification","valueRequired":true,"valueName":"search_term_string"}}],"inLanguage":"fr-FR"}]}},"_links":{"self":[{"href":"https:\/\/medicaldesign.ca\/fr\/wp-json\/wp\/v2\/product\/199","targetHints":{"allow":["GET"]}}],"collection":[{"href":"https:\/\/medicaldesign.ca\/fr\/wp-json\/wp\/v2\/product"}],"about":[{"href":"https:\/\/medicaldesign.ca\/fr\/wp-json\/wp\/v2\/types\/product"}],"wp:featuredmedia":[{"embeddable":true,"href":"https:\/\/medicaldesign.ca\/fr\/wp-json\/wp\/v2\/media\/2024"}],"wp:attachment":[{"href":"https:\/\/medicaldesign.ca\/fr\/wp-json\/wp\/v2\/media?parent=199"}],"wp:term":[{"taxonomy":"product_brand","embeddable":true,"href":"https:\/\/medicaldesign.ca\/fr\/wp-json\/wp\/v2\/product_brand?post=199"},{"taxonomy":"product_cat","embeddable":true,"href":"https:\/\/medicaldesign.ca\/fr\/wp-json\/wp\/v2\/product_cat?post=199"},{"taxonomy":"product_tag","embeddable":true,"href":"https:\/\/medicaldesign.ca\/fr\/wp-json\/wp\/v2\/product_tag?post=199"}],"curies":[{"name":"wp","href":"https:\/\/api.w.org\/{rel}","templated":true}]}}