{"id":126,"date":"2017-10-17T13:08:56","date_gmt":"2017-10-17T17:08:49","guid":{"rendered":"http:\/\/medicaldesign.ca\/?page_id=126"},"modified":"2022-06-13T10:46:28","modified_gmt":"2022-06-13T14:46:28","slug":"contact","status":"publish","type":"page","link":"https:\/\/medicaldesign.ca\/fr\/contact\/","title":{"rendered":"Contact"},"content":{"rendered":"<p>N\u2019h\u00e9sitez pas \u00e0 nous \u00e9crire ou \u00e0 nous appeler si vous avez des questions ou si vous d\u00e9sirez en savoir davantage sur nos produits et services. Notre \u00e9quipe fiable est courtoise et se fera un plaisir d\u2019obtenir tous les renseignements et les conseils dont vous aurez besoin afin de mener \u00e0 bon terme votre projet.<\/p>\n<div class=\"form\"><div class=\"frm_forms  with_frm_style frm_style_formidable-style\" id=\"frm_form_2_container\" >\n<form enctype=\"multipart\/form-data\" method=\"post\" class=\"frm-show-form  frm_pro_form \" id=\"form_contact-form5536d4c762\" >\n<div class=\"frm_form_fields \">\n<fieldset>\n<legend class=\"frm_screen_reader\">Contactez-nous<\/legend>\r\n\r\n<div class=\"frm_fields_container\">\n<input type=\"hidden\" name=\"frm_action\" value=\"create\" \/>\n<input type=\"hidden\" name=\"form_id\" value=\"2\" \/>\n<input type=\"hidden\" name=\"frm_hide_fields_2\" id=\"frm_hide_fields_2\" value=\"\" \/>\n<input type=\"hidden\" name=\"form_key\" value=\"contact-form5536d4c762\" \/>\n<input type=\"hidden\" name=\"item_meta[0]\" value=\"\" \/>\n<input type=\"hidden\" id=\"frm_submit_entry_2\" name=\"frm_submit_entry_2\" value=\"15066a4ba0\" \/><input type=\"hidden\" name=\"_wp_http_referer\" value=\"\/fr\/wp-json\/wp\/v2\/pages\/126\" \/><div id=\"frm_field_6_container\" class=\"frm_form_field form-field  frm_required_field frm_none_container frm_first frm_half\">\r\n    <label for=\"field_qh4icy0ee24fccd2\" id=\"field_qh4icy0ee24fccd2_label\" class=\"frm_primary_label\">NOM\r\n        <span class=\"frm_required\"><\/span>\r\n    <\/label>\r\n    <input  type=\"text\" id=\"field_qh4icy0ee24fccd2\" name=\"item_meta[6]\" value=\"\"  placeholder=\"NOM\" data-reqmsg=\"Ce champ ne peut pas \u00eatre vide.\" aria-required=\"true\" data-invmsg=\"Name is invalid\" aria-invalid=\"false\"   \/>\r\n    \r\n    \r\n<\/div>\n<div id=\"frm_field_7_container\" class=\"frm_form_field form-field  frm_required_field frm_none_container frm_half\">\r\n    <label for=\"field_ocfup1ea21abb8d0\" id=\"field_ocfup1ea21abb8d0_label\" class=\"frm_primary_label\">SUJET\r\n        <span class=\"frm_required\"><\/span>\r\n    <\/label>\r\n    <input  type=\"text\" id=\"field_ocfup1ea21abb8d0\" name=\"item_meta[7]\" value=\"\"  placeholder=\"SUJET\" data-reqmsg=\"Ce champ ne peut pas \u00eatre vide.\" aria-required=\"true\" data-invmsg=\"Last is invalid\" aria-invalid=\"false\"   \/>\r\n    \r\n    \r\n<\/div>\n<div id=\"frm_field_8_container\" class=\"frm_form_field form-field  frm_required_field frm_none_container frm_first frm_half\">\r\n    <label for=\"field_29yf4d8760b28ecb\" id=\"field_29yf4d8760b28ecb_label\" class=\"frm_primary_label\">COURRIEL\r\n        <span class=\"frm_required\"><\/span>\r\n    <\/label>\r\n    <input type=\"email\" id=\"field_29yf4d8760b28ecb\" name=\"item_meta[8]\" value=\"\"  placeholder=\"COURRIEL\" data-reqmsg=\"Veuillez entrer une adresse \u00e9lectronique valide\" aria-required=\"true\" data-invmsg=\"Please enter a valid email address\" aria-invalid=\"false\"  \/>\r\n    \r\n    \r\n<\/div>\n<div id=\"frm_field_9_container\" class=\"frm_form_field form-field  frm_required_field frm_none_container frm_half\">\r\n    <label for=\"field_e6lis62ffb2f26c3\" id=\"field_e6lis62ffb2f26c3_label\" class=\"frm_primary_label\">T\u00c9L\u00c9PHONE\r\n        <span class=\"frm_required\"><\/span>\r\n    <\/label>\r\n    <input  type=\"text\" id=\"field_e6lis62ffb2f26c3\" name=\"item_meta[9]\" value=\"\"  placeholder=\"T\u00c9L\u00c9PHONE\" data-reqmsg=\"Ce champ ne peut pas \u00eatre vide.\" aria-required=\"true\" data-invmsg=\"Subject is invalid\" aria-invalid=\"false\"   \/>\r\n    \r\n    \r\n<\/div>\n<div id=\"frm_field_10_container\" class=\"frm_form_field form-field  frm_none_container frm_full\">\r\n    <label for=\"field_9jv0r14a25e45b71\" id=\"field_9jv0r14a25e45b71_label\" class=\"frm_primary_label\">Message\r\n        <span class=\"frm_required\"><\/span>\r\n    <\/label>\r\n    <textarea name=\"item_meta[10]\" id=\"field_9jv0r14a25e45b71\" rows=\"5\"  placeholder=\"MESSAGE\" data-invmsg=\"Message est non valide\" aria-invalid=\"false\"  ><\/textarea>\r\n    \r\n    \r\n<\/div>\n<div id=\"frm_field_17_container\" class=\"frm_form_field form-field  frm_none_container\">\r\n    <label for=\"g-recaptcha-response\" id=\"field_30p0f_label\" class=\"frm_primary_label\">reCAPTCHA\r\n        <span class=\"frm_required\" aria-hidden=\"true\"><\/span>\r\n    <\/label>\r\n    <div  id=\"field_30p0f\" class=\"frm-g-recaptcha\" data-sitekey=\"6LdnI6UUAAAAAO3DTaMvsLvErJL5xvX7JciNo1tr\" data-size=\"normal\" data-theme=\"light\"><\/div>\r\n    \r\n    \r\n<\/div>\n<div id=\"frm_field_18_container\" class=\"frm_form_field form-field \">\r\n\t<div class=\"frm_submit\">\r\n\r\n<button class=\"frm_button_submit frm_final_submit\" type=\"submit\"   formnovalidate=\"formnovalidate\">ENVOYER<\/button>\r\n\r\n<\/div>\r\n<\/div>\n\t<input type=\"hidden\" name=\"item_key\" value=\"\" \/>\n\t\t\t\t<div class=\"frm__66abf9c71e33d\">\n\t\t\t\t<label for=\"frm_email_2\" >\n\t\t\t\t\tSi vous \u00eates un humain, ne remplissez pas ce champ.\t\t\t\t<\/label>\n\t\t\t\t<input  id=\"frm_email_2\" type=\"text\" class=\"frm_verify\" name=\"frm__66abf9c71e33d\" value=\"\" autocomplete=\"off\"  \/>\n\t\t\t<\/div>\n\t\t<input name=\"frm_state\" type=\"hidden\" value=\"DMY2BKDVun2oQTZRJmbsVa3d4rcfLHNPHCZlwPhUu5s=\" \/><\/div>\n<\/fieldset>\n<\/div>\n\n<\/form>\n<\/div>\n<\/div>\n<p>&nbsp;<\/p>\n","protected":false},"excerpt":{"rendered":"N\u2019h\u00e9sitez pas \u00e0 nous \u00e9crire ou \u00e0 nous appeler si vous avez des questions ou si vous d\u00e9sirez en savoir davantage sur nos produits et services. Notre \u00e9quipe fiable est courtoise et se fera un plaisir d\u2019obtenir tous les renseignements et les conseils dont vous aurez besoin afin de mener \u00e0 bon terme votre projet&#8230;. <a class=\"view-article\" href=\"https:\/\/medicaldesign.ca\/fr\/contact\/\">lire la suite<\/a>","protected":false},"author":4,"featured_media":0,"parent":0,"menu_order":5,"comment_status":"closed","ping_status":"closed","template":"template-contact.php","meta":{"_acf_changed":false,"inline_featured_image":false,"footnotes":""},"class_list":["post-126","page","type-page","status-publish","hentry"],"acf":[],"yoast_head":"<!-- This site is optimized with the Yoast SEO plugin v24.7 - https:\/\/yoast.com\/wordpress\/plugins\/seo\/ -->\n<title>Contact - Medical Design - Healthcare Technology<\/title>\n<meta name=\"robots\" content=\"index, follow, max-snippet:-1, max-image-preview:large, max-video-preview:-1\" \/>\n<link rel=\"canonical\" href=\"https:\/\/medicaldesign.ca\/fr\/contact\/\" \/>\n<meta property=\"og:locale\" content=\"fr_FR\" \/>\n<meta property=\"og:type\" content=\"article\" \/>\n<meta property=\"og:title\" content=\"Contact - Medical Design - Healthcare Technology\" \/>\n<meta property=\"og:description\" content=\"N\u2019h\u00e9sitez pas \u00e0 nous \u00e9crire ou \u00e0 nous appeler si vous avez des questions ou si vous d\u00e9sirez en savoir davantage sur nos produits et services. Notre \u00e9quipe fiable est courtoise et se fera un plaisir d\u2019obtenir tous les renseignements et les conseils dont vous aurez besoin afin de mener \u00e0 bon terme votre projet.... lire la suite\" \/>\n<meta property=\"og:url\" content=\"https:\/\/medicaldesign.ca\/fr\/contact\/\" \/>\n<meta property=\"og:site_name\" content=\"Medical Design - Healthcare Technology\" \/>\n<meta property=\"article:modified_time\" content=\"2022-06-13T14:46:28+00:00\" \/>\n<meta name=\"twitter:card\" content=\"summary_large_image\" \/>\n<meta name=\"twitter:label1\" content=\"Dur\u00e9e de lecture estim\u00e9e\" \/>\n\t<meta name=\"twitter:data1\" content=\"1 minute\" \/>\n<script type=\"application\/ld+json\" class=\"yoast-schema-graph\">{\"@context\":\"https:\/\/schema.org\",\"@graph\":[{\"@type\":\"WebPage\",\"@id\":\"https:\/\/medicaldesign.ca\/fr\/contact\/\",\"url\":\"https:\/\/medicaldesign.ca\/fr\/contact\/\",\"name\":\"Contact - Medical Design - Healthcare Technology\",\"isPartOf\":{\"@id\":\"https:\/\/medicaldesign.ca\/fr\/#website\"},\"datePublished\":\"2017-10-17T17:08:49+00:00\",\"dateModified\":\"2022-06-13T14:46:28+00:00\",\"breadcrumb\":{\"@id\":\"https:\/\/medicaldesign.ca\/fr\/contact\/#breadcrumb\"},\"inLanguage\":\"fr-FR\",\"potentialAction\":[{\"@type\":\"ReadAction\",\"target\":[\"https:\/\/medicaldesign.ca\/fr\/contact\/\"]}]},{\"@type\":\"BreadcrumbList\",\"@id\":\"https:\/\/medicaldesign.ca\/fr\/contact\/#breadcrumb\",\"itemListElement\":[{\"@type\":\"ListItem\",\"position\":1,\"name\":\"Accueil\",\"item\":\"https:\/\/medicaldesign.ca\/fr\/\"},{\"@type\":\"ListItem\",\"position\":2,\"name\":\"Contact\"}]},{\"@type\":\"WebSite\",\"@id\":\"https:\/\/medicaldesign.ca\/fr\/#website\",\"url\":\"https:\/\/medicaldesign.ca\/fr\/\",\"name\":\"Medical Design - Healthcare Technology\",\"description\":\"EEME Medical Design Inc - Medical Gas &amp; Equipments Manufacturer.\",\"potentialAction\":[{\"@type\":\"SearchAction\",\"target\":{\"@type\":\"EntryPoint\",\"urlTemplate\":\"https:\/\/medicaldesign.ca\/fr\/?s={search_term_string}\"},\"query-input\":{\"@type\":\"PropertyValueSpecification\",\"valueRequired\":true,\"valueName\":\"search_term_string\"}}],\"inLanguage\":\"fr-FR\"}]}<\/script>\n<!-- \/ Yoast SEO plugin. -->","yoast_head_json":{"title":"Contact - Medical Design - Healthcare Technology","robots":{"index":"index","follow":"follow","max-snippet":"max-snippet:-1","max-image-preview":"max-image-preview:large","max-video-preview":"max-video-preview:-1"},"canonical":"https:\/\/medicaldesign.ca\/fr\/contact\/","og_locale":"fr_FR","og_type":"article","og_title":"Contact - Medical Design - Healthcare Technology","og_description":"N\u2019h\u00e9sitez pas \u00e0 nous \u00e9crire ou \u00e0 nous appeler si vous avez des questions ou si vous d\u00e9sirez en savoir davantage sur nos produits et services. Notre \u00e9quipe fiable est courtoise et se fera un plaisir d\u2019obtenir tous les renseignements et les conseils dont vous aurez besoin afin de mener \u00e0 bon terme votre projet.... lire la suite","og_url":"https:\/\/medicaldesign.ca\/fr\/contact\/","og_site_name":"Medical Design - Healthcare Technology","article_modified_time":"2022-06-13T14:46:28+00:00","twitter_card":"summary_large_image","twitter_misc":{"Dur\u00e9e de lecture estim\u00e9e":"1 minute"},"schema":{"@context":"https:\/\/schema.org","@graph":[{"@type":"WebPage","@id":"https:\/\/medicaldesign.ca\/fr\/contact\/","url":"https:\/\/medicaldesign.ca\/fr\/contact\/","name":"Contact - Medical Design - Healthcare Technology","isPartOf":{"@id":"https:\/\/medicaldesign.ca\/fr\/#website"},"datePublished":"2017-10-17T17:08:49+00:00","dateModified":"2022-06-13T14:46:28+00:00","breadcrumb":{"@id":"https:\/\/medicaldesign.ca\/fr\/contact\/#breadcrumb"},"inLanguage":"fr-FR","potentialAction":[{"@type":"ReadAction","target":["https:\/\/medicaldesign.ca\/fr\/contact\/"]}]},{"@type":"BreadcrumbList","@id":"https:\/\/medicaldesign.ca\/fr\/contact\/#breadcrumb","itemListElement":[{"@type":"ListItem","position":1,"name":"Accueil","item":"https:\/\/medicaldesign.ca\/fr\/"},{"@type":"ListItem","position":2,"name":"Contact"}]},{"@type":"WebSite","@id":"https:\/\/medicaldesign.ca\/fr\/#website","url":"https:\/\/medicaldesign.ca\/fr\/","name":"Medical Design - Healthcare Technology","description":"EEME Medical Design Inc - Medical Gas &amp; Equipments Manufacturer.","potentialAction":[{"@type":"SearchAction","target":{"@type":"EntryPoint","urlTemplate":"https:\/\/medicaldesign.ca\/fr\/?s={search_term_string}"},"query-input":{"@type":"PropertyValueSpecification","valueRequired":true,"valueName":"search_term_string"}}],"inLanguage":"fr-FR"}]}},"_links":{"self":[{"href":"https:\/\/medicaldesign.ca\/fr\/wp-json\/wp\/v2\/pages\/126","targetHints":{"allow":["GET"]}}],"collection":[{"href":"https:\/\/medicaldesign.ca\/fr\/wp-json\/wp\/v2\/pages"}],"about":[{"href":"https:\/\/medicaldesign.ca\/fr\/wp-json\/wp\/v2\/types\/page"}],"author":[{"embeddable":true,"href":"https:\/\/medicaldesign.ca\/fr\/wp-json\/wp\/v2\/users\/4"}],"replies":[{"embeddable":true,"href":"https:\/\/medicaldesign.ca\/fr\/wp-json\/wp\/v2\/comments?post=126"}],"version-history":[{"count":0,"href":"https:\/\/medicaldesign.ca\/fr\/wp-json\/wp\/v2\/pages\/126\/revisions"}],"wp:attachment":[{"href":"https:\/\/medicaldesign.ca\/fr\/wp-json\/wp\/v2\/media?parent=126"}],"curies":[{"name":"wp","href":"https:\/\/api.w.org\/{rel}","templated":true}]}}